{"id":75816,"date":"2025-01-07T10:00:14","date_gmt":"2025-01-07T13:00:14","guid":{"rendered":"https:\/\/ricardolocacaodemaquinas.com.br\/?post_type=product&#038;p=75816"},"modified":"2025-01-07T10:00:14","modified_gmt":"2025-01-07T13:00:14","slug":"escada-extensiva","status":"publish","type":"product","link":"https:\/\/ricardolocacaodemaquinas.com.br\/?product=escada-extensiva","title":{"rendered":"Escada Extensiva"},"content":{"rendered":"","protected":false},"excerpt":{"rendered":"<p style=\"font-weight: 400;\">Escada confeccionada de fibra de vidro, com os degraus compostos de alum\u00ednio com melhor ergonomia, sendo utilizado de modo padr\u00e3o em empresas de telefonia e eletricidade, por ser a melhor escada vazada do mercado com economia e qualidade.<\/p>\n<p style=\"font-weight: 400;\">A escada de fibra de vidro \u00e9 composta por duas partes, uma fixa e outra extens\u00edvel, confeccionada de fibra de vidro com Perfil &#8220;U&#8221; por ser suficientemente r\u00edgida, leve e resistente, com degraus em alum\u00ednio.<\/p>\n<p style=\"font-weight: 400;\">A Escada Extensiva de Fibra de vidro foi confeccionada com t\u00e9cnicas em sua fabrica\u00e7\u00e3o que a deixa resistente a corros\u00e3o qu\u00edmica, e n\u00e3o a deixando enferrujar.<\/p>\n<p style=\"font-weight: 400;\">Em raz\u00e3o disso, a escada de fibra \u00e9 padr\u00e3o em empresas de telefonia e eletricidade, tamb\u00e9m por n\u00e3o conduzir eletricidade, facilitando o trabalho dessas empresas.<\/p>\n","protected":false},"featured_media":75817,"comment_status":"open","ping_status":"closed","template":"","meta":[],"product_cat":[79],"product_tag":[],"class_list":{"0":"post-75816","1":"product","2":"type-product","3":"status-publish","4":"has-post-thumbnail","6":"product_cat-acesso-e-elevacao","8":"first","9":"instock","10":"shipping-taxable","11":"product-type-simple"},"_links":{"self":[{"href":"https:\/\/ricardolocacaodemaquinas.com.br\/index.php?rest_route=\/wp\/v2\/product\/75816","targetHints":{"allow":["GET"]}}],"collection":[{"href":"https:\/\/ricardolocacaodemaquinas.com.br\/index.php?rest_route=\/wp\/v2\/product"}],"about":[{"href":"https:\/\/ricardolocacaodemaquinas.com.br\/index.php?rest_route=\/wp\/v2\/types\/product"}],"replies":[{"embeddable":true,"href":"https:\/\/ricardolocacaodemaquinas.com.br\/index.php?rest_route=%2Fwp%2Fv2%2Fcomments&post=75816"}],"wp:featuredmedia":[{"embeddable":true,"href":"https:\/\/ricardolocacaodemaquinas.com.br\/index.php?rest_route=\/wp\/v2\/media\/75817"}],"wp:attachment":[{"href":"https:\/\/ricardolocacaodemaquinas.com.br\/index.php?rest_route=%2Fwp%2Fv2%2Fmedia&parent=75816"}],"wp:term":[{"taxonomy":"product_cat","embeddable":true,"href":"https:\/\/ricardolocacaodemaquinas.com.br\/index.php?rest_route=%2Fwp%2Fv2%2Fproduct_cat&post=75816"},{"taxonomy":"product_tag","embeddable":true,"href":"https:\/\/ricardolocacaodemaquinas.com.br\/index.php?rest_route=%2Fwp%2Fv2%2Fproduct_tag&post=75816"}],"curies":[{"name":"wp","href":"https:\/\/api.w.org\/{rel}","templated":true}]}}