{"id":75664,"date":"2024-12-17T17:05:25","date_gmt":"2024-12-17T20:05:25","guid":{"rendered":"http:\/\/ricardolocacaodemaquinas.com.br\/?post_type=product&#038;p=75664"},"modified":"2024-12-20T16:33:41","modified_gmt":"2024-12-20T19:33:41","slug":"lavadoras-de-alta-pressao","status":"publish","type":"product","link":"https:\/\/ricardolocacaodemaquinas.com.br\/?product=lavadoras-de-alta-pressao","title":{"rendered":"Lavadoras de Alta Press\u00e3o"},"content":{"rendered":"","protected":false},"excerpt":{"rendered":"<p>Lavadora de Alta Press\u00e3o Karcher Profissional HD 585 Profi proporciona uma limpeza r\u00e1pida e sem esfor\u00e7o para as mais variadas tarefas do dia-a-dia, aliado a um \u00f3timo custo-benef\u00edcio, durabilidade e facilidade de uso e transporte. A lavadora ajuda na remo\u00e7\u00e3o das sujeiras mais dif\u00edceis. Possui acess\u00f3rios profissionais de alta qualidade: Pistola com mangueira de alta press\u00e3o de 7,5m, lan\u00e7a baioneta 400mm revestida e bico power. Sua estrutura \u00e9 dur\u00e1vel e comportam os acess\u00f3rios que facilitam o armazenamento. Com \u00f3timo custo-benef\u00edcio, confere excelente performance para limpeza de ve\u00edculos, oficinas, \u00e1reas externas de casas de grande porte, clubes, condom\u00ednios, pequenos neg\u00f3cios, etc.<\/p>\n","protected":false},"featured_media":75757,"comment_status":"open","ping_status":"closed","template":"","meta":[],"product_cat":[85],"product_tag":[],"class_list":{"0":"post-75664","1":"product","2":"type-product","3":"status-publish","4":"has-post-thumbnail","6":"product_cat-limpeza","8":"first","9":"instock","10":"shipping-taxable","11":"product-type-simple"},"_links":{"self":[{"href":"https:\/\/ricardolocacaodemaquinas.com.br\/index.php?rest_route=\/wp\/v2\/product\/75664","targetHints":{"allow":["GET"]}}],"collection":[{"href":"https:\/\/ricardolocacaodemaquinas.com.br\/index.php?rest_route=\/wp\/v2\/product"}],"about":[{"href":"https:\/\/ricardolocacaodemaquinas.com.br\/index.php?rest_route=\/wp\/v2\/types\/product"}],"replies":[{"embeddable":true,"href":"https:\/\/ricardolocacaodemaquinas.com.br\/index.php?rest_route=%2Fwp%2Fv2%2Fcomments&post=75664"}],"wp:featuredmedia":[{"embeddable":true,"href":"https:\/\/ricardolocacaodemaquinas.com.br\/index.php?rest_route=\/wp\/v2\/media\/75757"}],"wp:attachment":[{"href":"https:\/\/ricardolocacaodemaquinas.com.br\/index.php?rest_route=%2Fwp%2Fv2%2Fmedia&parent=75664"}],"wp:term":[{"taxonomy":"product_cat","embeddable":true,"href":"https:\/\/ricardolocacaodemaquinas.com.br\/index.php?rest_route=%2Fwp%2Fv2%2Fproduct_cat&post=75664"},{"taxonomy":"product_tag","embeddable":true,"href":"https:\/\/ricardolocacaodemaquinas.com.br\/index.php?rest_route=%2Fwp%2Fv2%2Fproduct_tag&post=75664"}],"curies":[{"name":"wp","href":"https:\/\/api.w.org\/{rel}","templated":true}]}}