{"id":75662,"date":"2024-12-17T17:03:39","date_gmt":"2024-12-17T20:03:39","guid":{"rendered":"http:\/\/ricardolocacaodemaquinas.com.br\/?post_type=product&#038;p=75662"},"modified":"2024-12-20T16:59:34","modified_gmt":"2024-12-20T19:59:34","slug":"extratora","status":"publish","type":"product","link":"https:\/\/ricardolocacaodemaquinas.com.br\/?product=extratora","title":{"rendered":"Extratora"},"content":{"rendered":"","protected":false},"excerpt":{"rendered":"<p>A Extratora \u00e9 indicada para lavagem de grandes \u00e1reas de carpetes e preta\u00e7\u00e3o de servi\u00e7os. Suporta a utiliza\u00e7\u00e3o intensa em empresas de limpeza e grandes lava-r\u00e1pidos. Possui grande produtividade e qualidade de secagem devido ao uso de dois motores de aspira\u00e7\u00e3o. Ideal para lavar estofados, carpetes, e pisos frios em pouco tempo. Tanque de \u00e1gua limpa externo de 21 litros.<\/p>\n","protected":false},"featured_media":75813,"comment_status":"open","ping_status":"closed","template":"","meta":[],"product_cat":[85],"product_tag":[],"class_list":{"0":"post-75662","1":"product","2":"type-product","3":"status-publish","4":"has-post-thumbnail","6":"product_cat-limpeza","8":"first","9":"instock","10":"shipping-taxable","11":"product-type-simple"},"_links":{"self":[{"href":"https:\/\/ricardolocacaodemaquinas.com.br\/index.php?rest_route=\/wp\/v2\/product\/75662","targetHints":{"allow":["GET"]}}],"collection":[{"href":"https:\/\/ricardolocacaodemaquinas.com.br\/index.php?rest_route=\/wp\/v2\/product"}],"about":[{"href":"https:\/\/ricardolocacaodemaquinas.com.br\/index.php?rest_route=\/wp\/v2\/types\/product"}],"replies":[{"embeddable":true,"href":"https:\/\/ricardolocacaodemaquinas.com.br\/index.php?rest_route=%2Fwp%2Fv2%2Fcomments&post=75662"}],"wp:featuredmedia":[{"embeddable":true,"href":"https:\/\/ricardolocacaodemaquinas.com.br\/index.php?rest_route=\/wp\/v2\/media\/75813"}],"wp:attachment":[{"href":"https:\/\/ricardolocacaodemaquinas.com.br\/index.php?rest_route=%2Fwp%2Fv2%2Fmedia&parent=75662"}],"wp:term":[{"taxonomy":"product_cat","embeddable":true,"href":"https:\/\/ricardolocacaodemaquinas.com.br\/index.php?rest_route=%2Fwp%2Fv2%2Fproduct_cat&post=75662"},{"taxonomy":"product_tag","embeddable":true,"href":"https:\/\/ricardolocacaodemaquinas.com.br\/index.php?rest_route=%2Fwp%2Fv2%2Fproduct_tag&post=75662"}],"curies":[{"name":"wp","href":"https:\/\/api.w.org\/{rel}","templated":true}]}}