{"id":75656,"date":"2024-12-17T16:57:28","date_gmt":"2024-12-17T19:57:28","guid":{"rendered":"http:\/\/ricardolocacaodemaquinas.com.br\/?post_type=product&#038;p=75656"},"modified":"2025-01-10T17:51:51","modified_gmt":"2025-01-10T20:51:51","slug":"cortador-de-grama","status":"publish","type":"product","link":"https:\/\/ricardolocacaodemaquinas.com.br\/?product=cortador-de-grama","title":{"rendered":"Cortador de Grama"},"content":{"rendered":"","protected":false},"excerpt":{"rendered":"<p>Recomendados para m\u00e9dias e grandes \u00e1reas de aproximadamente 800 m\u00b2. O uso de cortadores de grama a gasolina torna mais pr\u00e1tico o corte do gramado, sem o inc\u00f4modo das extens\u00f5es e tomadas el\u00e9tricas. Equipado com afogador manual e v\u00e1lvula de combust\u00edvel para facilitar a partida do motor. Possui buj\u00e3o para facilitar a drenagem do \u00f3leo do c\u00e1rter. A dimens\u00e3o das rodas traseiras, facilita a mobilidade dos cortadores em qualquer tipo de terreno.<\/p>\n","protected":false},"featured_media":75657,"comment_status":"open","ping_status":"closed","template":"","meta":[],"product_cat":[84],"product_tag":[],"class_list":{"0":"post-75656","1":"product","2":"type-product","3":"status-publish","4":"has-post-thumbnail","6":"product_cat-jardinagem","8":"first","9":"instock","10":"shipping-taxable","11":"product-type-simple"},"_links":{"self":[{"href":"https:\/\/ricardolocacaodemaquinas.com.br\/index.php?rest_route=\/wp\/v2\/product\/75656","targetHints":{"allow":["GET"]}}],"collection":[{"href":"https:\/\/ricardolocacaodemaquinas.com.br\/index.php?rest_route=\/wp\/v2\/product"}],"about":[{"href":"https:\/\/ricardolocacaodemaquinas.com.br\/index.php?rest_route=\/wp\/v2\/types\/product"}],"replies":[{"embeddable":true,"href":"https:\/\/ricardolocacaodemaquinas.com.br\/index.php?rest_route=%2Fwp%2Fv2%2Fcomments&post=75656"}],"wp:featuredmedia":[{"embeddable":true,"href":"https:\/\/ricardolocacaodemaquinas.com.br\/index.php?rest_route=\/wp\/v2\/media\/75657"}],"wp:attachment":[{"href":"https:\/\/ricardolocacaodemaquinas.com.br\/index.php?rest_route=%2Fwp%2Fv2%2Fmedia&parent=75656"}],"wp:term":[{"taxonomy":"product_cat","embeddable":true,"href":"https:\/\/ricardolocacaodemaquinas.com.br\/index.php?rest_route=%2Fwp%2Fv2%2Fproduct_cat&post=75656"},{"taxonomy":"product_tag","embeddable":true,"href":"https:\/\/ricardolocacaodemaquinas.com.br\/index.php?rest_route=%2Fwp%2Fv2%2Fproduct_tag&post=75656"}],"curies":[{"name":"wp","href":"https:\/\/api.w.org\/{rel}","templated":true}]}}