{"id":75654,"date":"2024-12-17T16:53:50","date_gmt":"2024-12-17T19:53:50","guid":{"rendered":"http:\/\/ricardolocacaodemaquinas.com.br\/?post_type=product&#038;p=75654"},"modified":"2025-01-08T09:10:10","modified_gmt":"2025-01-08T12:10:10","slug":"rompedor-25-e-30kg","status":"publish","type":"product","link":"https:\/\/ricardolocacaodemaquinas.com.br\/?product=rompedor-25-e-30kg","title":{"rendered":"Rompedor 30kg"},"content":{"rendered":"","protected":false},"excerpt":{"rendered":"<p>Martelo eletropneum\u00e1tico demolidor, com encaixe hexagonal 1-1\/8&#8221; (28 mm), com pot\u00eancia de 2100W, com energia de impacto de 62 Joules, com impactos por minuto de 960 IPM, com caixa de engrenagem em alum\u00ednio, para demoli\u00e7\u00e3o de estruturas em concreto e alvenaria, pisos, pavimentos e remo\u00e7\u00e3o de revestimentos.<\/p>\n","protected":false},"featured_media":75745,"comment_status":"open","ping_status":"closed","template":"","meta":[],"product_cat":[90,83],"product_tag":[],"class_list":{"0":"post-75654","1":"product","2":"type-product","3":"status-publish","4":"has-post-thumbnail","6":"product_cat-destaques","7":"product_cat-furacao-e-demolicao","9":"first","10":"instock","11":"shipping-taxable","12":"product-type-simple"},"_links":{"self":[{"href":"https:\/\/ricardolocacaodemaquinas.com.br\/index.php?rest_route=\/wp\/v2\/product\/75654","targetHints":{"allow":["GET"]}}],"collection":[{"href":"https:\/\/ricardolocacaodemaquinas.com.br\/index.php?rest_route=\/wp\/v2\/product"}],"about":[{"href":"https:\/\/ricardolocacaodemaquinas.com.br\/index.php?rest_route=\/wp\/v2\/types\/product"}],"replies":[{"embeddable":true,"href":"https:\/\/ricardolocacaodemaquinas.com.br\/index.php?rest_route=%2Fwp%2Fv2%2Fcomments&post=75654"}],"wp:featuredmedia":[{"embeddable":true,"href":"https:\/\/ricardolocacaodemaquinas.com.br\/index.php?rest_route=\/wp\/v2\/media\/75745"}],"wp:attachment":[{"href":"https:\/\/ricardolocacaodemaquinas.com.br\/index.php?rest_route=%2Fwp%2Fv2%2Fmedia&parent=75654"}],"wp:term":[{"taxonomy":"product_cat","embeddable":true,"href":"https:\/\/ricardolocacaodemaquinas.com.br\/index.php?rest_route=%2Fwp%2Fv2%2Fproduct_cat&post=75654"},{"taxonomy":"product_tag","embeddable":true,"href":"https:\/\/ricardolocacaodemaquinas.com.br\/index.php?rest_route=%2Fwp%2Fv2%2Fproduct_tag&post=75654"}],"curies":[{"name":"wp","href":"https:\/\/api.w.org\/{rel}","templated":true}]}}