{"id":75652,"date":"2024-12-17T16:52:26","date_gmt":"2024-12-17T19:52:26","guid":{"rendered":"http:\/\/ricardolocacaodemaquinas.com.br\/?post_type=product&#038;p=75652"},"modified":"2025-01-08T09:12:31","modified_gmt":"2025-01-08T12:12:31","slug":"rompedor-15-e-18kg","status":"publish","type":"product","link":"https:\/\/ricardolocacaodemaquinas.com.br\/?product=rompedor-15-e-18kg","title":{"rendered":"Rompedor 15kg"},"content":{"rendered":"","protected":false},"excerpt":{"rendered":"<p>O Demolidor Hexagonal de 15Kg, 1800W possui mecanismo desacoplado, um design inovador mais robusto, energia de impacto de 41 joules e uma baixa vibra\u00e7\u00e3o (6,8 m\/s\u00b2) o que proporciona uma opera\u00e7\u00e3o mais compacta e de alto desempenho na demoli\u00e7\u00e3o de lajes, escava\u00e7\u00e3o e cria\u00e7\u00e3o de canais de tubula\u00e7\u00e3o. A ferramenta oferece at\u00e9 1080 BPM com alcance de corte de at\u00e9 8 polegadas.<\/p>\n","protected":false},"featured_media":75743,"comment_status":"open","ping_status":"closed","template":"","meta":[],"product_cat":[90,83],"product_tag":[],"class_list":{"0":"post-75652","1":"product","2":"type-product","3":"status-publish","4":"has-post-thumbnail","6":"product_cat-destaques","7":"product_cat-furacao-e-demolicao","9":"first","10":"instock","11":"shipping-taxable","12":"product-type-simple"},"_links":{"self":[{"href":"https:\/\/ricardolocacaodemaquinas.com.br\/index.php?rest_route=\/wp\/v2\/product\/75652","targetHints":{"allow":["GET"]}}],"collection":[{"href":"https:\/\/ricardolocacaodemaquinas.com.br\/index.php?rest_route=\/wp\/v2\/product"}],"about":[{"href":"https:\/\/ricardolocacaodemaquinas.com.br\/index.php?rest_route=\/wp\/v2\/types\/product"}],"replies":[{"embeddable":true,"href":"https:\/\/ricardolocacaodemaquinas.com.br\/index.php?rest_route=%2Fwp%2Fv2%2Fcomments&post=75652"}],"wp:featuredmedia":[{"embeddable":true,"href":"https:\/\/ricardolocacaodemaquinas.com.br\/index.php?rest_route=\/wp\/v2\/media\/75743"}],"wp:attachment":[{"href":"https:\/\/ricardolocacaodemaquinas.com.br\/index.php?rest_route=%2Fwp%2Fv2%2Fmedia&parent=75652"}],"wp:term":[{"taxonomy":"product_cat","embeddable":true,"href":"https:\/\/ricardolocacaodemaquinas.com.br\/index.php?rest_route=%2Fwp%2Fv2%2Fproduct_cat&post=75652"},{"taxonomy":"product_tag","embeddable":true,"href":"https:\/\/ricardolocacaodemaquinas.com.br\/index.php?rest_route=%2Fwp%2Fv2%2Fproduct_tag&post=75652"}],"curies":[{"name":"wp","href":"https:\/\/api.w.org\/{rel}","templated":true}]}}