{"id":75650,"date":"2024-12-17T16:49:19","date_gmt":"2024-12-17T19:49:19","guid":{"rendered":"http:\/\/ricardolocacaodemaquinas.com.br\/?post_type=product&#038;p=75650"},"modified":"2025-01-08T09:13:19","modified_gmt":"2025-01-08T12:13:19","slug":"rompedor-10-e12kg","status":"publish","type":"product","link":"https:\/\/ricardolocacaodemaquinas.com.br\/?product=rompedor-10-e12kg","title":{"rendered":"Rompedor 10kg"},"content":{"rendered":"","protected":false},"excerpt":{"rendered":"<p>O Martelo Demolidor SDS Max D25899K 10Kg oferece alto desempenho sem superaquecimento e sistema eletropneum\u00e1tico que prolonga a vida \u00fatil da ferramenta e refor\u00e7a a veda\u00e7\u00e3o, eliminando a entrada de poeira na unidade. Um interruptor grande e bem localizado facilita ligar e desligar. A empunhadura lateral torna a opera\u00e7\u00e3o mais f\u00e1cil seja com um ou as duas m\u00e3os e o motor de 1500W \/ 17,5J fornece alto poder de demoli\u00e7\u00e3o e vem protegido contra sobrecarga nas aplica\u00e7\u00f5es de uso cont\u00ednuo mais exigentes. Com design ergon\u00f4mico (In-Line) oferece grande conforto para uso horizontal ou vertical em qualquer aplica\u00e7\u00e3o.<\/p>\n","protected":false},"featured_media":75741,"comment_status":"open","ping_status":"closed","template":"","meta":[],"product_cat":[90,83],"product_tag":[],"class_list":{"0":"post-75650","1":"product","2":"type-product","3":"status-publish","4":"has-post-thumbnail","6":"product_cat-destaques","7":"product_cat-furacao-e-demolicao","9":"first","10":"instock","11":"shipping-taxable","12":"product-type-simple"},"_links":{"self":[{"href":"https:\/\/ricardolocacaodemaquinas.com.br\/index.php?rest_route=\/wp\/v2\/product\/75650","targetHints":{"allow":["GET"]}}],"collection":[{"href":"https:\/\/ricardolocacaodemaquinas.com.br\/index.php?rest_route=\/wp\/v2\/product"}],"about":[{"href":"https:\/\/ricardolocacaodemaquinas.com.br\/index.php?rest_route=\/wp\/v2\/types\/product"}],"replies":[{"embeddable":true,"href":"https:\/\/ricardolocacaodemaquinas.com.br\/index.php?rest_route=%2Fwp%2Fv2%2Fcomments&post=75650"}],"wp:featuredmedia":[{"embeddable":true,"href":"https:\/\/ricardolocacaodemaquinas.com.br\/index.php?rest_route=\/wp\/v2\/media\/75741"}],"wp:attachment":[{"href":"https:\/\/ricardolocacaodemaquinas.com.br\/index.php?rest_route=%2Fwp%2Fv2%2Fmedia&parent=75650"}],"wp:term":[{"taxonomy":"product_cat","embeddable":true,"href":"https:\/\/ricardolocacaodemaquinas.com.br\/index.php?rest_route=%2Fwp%2Fv2%2Fproduct_cat&post=75650"},{"taxonomy":"product_tag","embeddable":true,"href":"https:\/\/ricardolocacaodemaquinas.com.br\/index.php?rest_route=%2Fwp%2Fv2%2Fproduct_tag&post=75650"}],"curies":[{"name":"wp","href":"https:\/\/api.w.org\/{rel}","templated":true}]}}