{"id":75648,"date":"2024-12-17T16:45:57","date_gmt":"2024-12-17T19:45:57","guid":{"rendered":"http:\/\/ricardolocacaodemaquinas.com.br\/?post_type=product&#038;p=75648"},"modified":"2024-12-17T16:45:57","modified_gmt":"2024-12-17T19:45:57","slug":"cortadora-de-concreto","status":"publish","type":"product","link":"https:\/\/ricardolocacaodemaquinas.com.br\/?product=cortadora-de-concreto","title":{"rendered":"Cortadora de Concreto"},"content":{"rendered":"","protected":false},"excerpt":{"rendered":"<p>Cortadora de Piso e Asfalto CPV-460 Vibromak foi desenvolvida e fabricada dentro do mais alto padr\u00e3o de qualidade, resistentes ao desgaste, s\u00e3o projetadas para cortes de precis\u00e3o em concreto ou asfalto.<\/p>\n<p>&nbsp;<\/p>\n","protected":false},"featured_media":75649,"comment_status":"open","ping_status":"closed","template":"","meta":[],"product_cat":[81],"product_tag":[],"class_list":{"0":"post-75648","1":"product","2":"type-product","3":"status-publish","4":"has-post-thumbnail","6":"product_cat-concretagem","8":"first","9":"instock","10":"shipping-taxable","11":"product-type-simple"},"_links":{"self":[{"href":"https:\/\/ricardolocacaodemaquinas.com.br\/index.php?rest_route=\/wp\/v2\/product\/75648","targetHints":{"allow":["GET"]}}],"collection":[{"href":"https:\/\/ricardolocacaodemaquinas.com.br\/index.php?rest_route=\/wp\/v2\/product"}],"about":[{"href":"https:\/\/ricardolocacaodemaquinas.com.br\/index.php?rest_route=\/wp\/v2\/types\/product"}],"replies":[{"embeddable":true,"href":"https:\/\/ricardolocacaodemaquinas.com.br\/index.php?rest_route=%2Fwp%2Fv2%2Fcomments&post=75648"}],"wp:featuredmedia":[{"embeddable":true,"href":"https:\/\/ricardolocacaodemaquinas.com.br\/index.php?rest_route=\/wp\/v2\/media\/75649"}],"wp:attachment":[{"href":"https:\/\/ricardolocacaodemaquinas.com.br\/index.php?rest_route=%2Fwp%2Fv2%2Fmedia&parent=75648"}],"wp:term":[{"taxonomy":"product_cat","embeddable":true,"href":"https:\/\/ricardolocacaodemaquinas.com.br\/index.php?rest_route=%2Fwp%2Fv2%2Fproduct_cat&post=75648"},{"taxonomy":"product_tag","embeddable":true,"href":"https:\/\/ricardolocacaodemaquinas.com.br\/index.php?rest_route=%2Fwp%2Fv2%2Fproduct_tag&post=75648"}],"curies":[{"name":"wp","href":"https:\/\/api.w.org\/{rel}","templated":true}]}}