{"id":75646,"date":"2024-12-17T16:43:36","date_gmt":"2024-12-17T19:43:36","guid":{"rendered":"http:\/\/ricardolocacaodemaquinas.com.br\/?post_type=product&#038;p=75646"},"modified":"2024-12-17T16:43:37","modified_gmt":"2024-12-17T19:43:37","slug":"vibrador-para-concreto-af-36mm","status":"publish","type":"product","link":"https:\/\/ricardolocacaodemaquinas.com.br\/?product=vibrador-para-concreto-af-36mm","title":{"rendered":"Vibrador para Concreto AF 36mm"},"content":{"rendered":"","protected":false},"excerpt":{"rendered":"<p>Vibrador de Imers\u00e3o de Alta Frequ\u00eancia para concreto Vibromak foi desenvolvido e fabricado dentro do mais alto padr\u00e3o de qualidade. Utilizado na constru\u00e7\u00e3o civil para compactar concreto, diminuindo os espa\u00e7os e aumentando a dureza e resist\u00eancia, evitando infiltra\u00e7\u00f5es.<\/p>\n","protected":false},"featured_media":75647,"comment_status":"open","ping_status":"closed","template":"","meta":[],"product_cat":[81],"product_tag":[],"class_list":{"0":"post-75646","1":"product","2":"type-product","3":"status-publish","4":"has-post-thumbnail","6":"product_cat-concretagem","8":"first","9":"instock","10":"shipping-taxable","11":"product-type-simple"},"_links":{"self":[{"href":"https:\/\/ricardolocacaodemaquinas.com.br\/index.php?rest_route=\/wp\/v2\/product\/75646","targetHints":{"allow":["GET"]}}],"collection":[{"href":"https:\/\/ricardolocacaodemaquinas.com.br\/index.php?rest_route=\/wp\/v2\/product"}],"about":[{"href":"https:\/\/ricardolocacaodemaquinas.com.br\/index.php?rest_route=\/wp\/v2\/types\/product"}],"replies":[{"embeddable":true,"href":"https:\/\/ricardolocacaodemaquinas.com.br\/index.php?rest_route=%2Fwp%2Fv2%2Fcomments&post=75646"}],"wp:featuredmedia":[{"embeddable":true,"href":"https:\/\/ricardolocacaodemaquinas.com.br\/index.php?rest_route=\/wp\/v2\/media\/75647"}],"wp:attachment":[{"href":"https:\/\/ricardolocacaodemaquinas.com.br\/index.php?rest_route=%2Fwp%2Fv2%2Fmedia&parent=75646"}],"wp:term":[{"taxonomy":"product_cat","embeddable":true,"href":"https:\/\/ricardolocacaodemaquinas.com.br\/index.php?rest_route=%2Fwp%2Fv2%2Fproduct_cat&post=75646"},{"taxonomy":"product_tag","embeddable":true,"href":"https:\/\/ricardolocacaodemaquinas.com.br\/index.php?rest_route=%2Fwp%2Fv2%2Fproduct_tag&post=75646"}],"curies":[{"name":"wp","href":"https:\/\/api.w.org\/{rel}","templated":true}]}}