{"id":75644,"date":"2024-12-17T16:42:06","date_gmt":"2024-12-17T19:42:06","guid":{"rendered":"http:\/\/ricardolocacaodemaquinas.com.br\/?post_type=product&#038;p=75644"},"modified":"2024-12-17T16:42:06","modified_gmt":"2024-12-17T19:42:06","slug":"vibrador-para-concreto-ar-25mm","status":"publish","type":"product","link":"https:\/\/ricardolocacaodemaquinas.com.br\/?product=vibrador-para-concreto-ar-25mm","title":{"rendered":"Vibrador para Concreto AR 25mm"},"content":{"rendered":"","protected":false},"excerpt":{"rendered":"<p>Vibrador de Concreto Port\u00e1til Vibromak foi desenvolvido e fabricado dentro do mais alto padr\u00e3o de qualidade. Utilizado na constru\u00e7\u00e3o civil para compactar concreto, diminuindo os espa\u00e7os e aumentando a dureza e resist\u00eancia, evitando infiltra\u00e7\u00f5es.<\/p>\n","protected":false},"featured_media":75645,"comment_status":"open","ping_status":"closed","template":"","meta":[],"product_cat":[81],"product_tag":[],"class_list":{"0":"post-75644","1":"product","2":"type-product","3":"status-publish","4":"has-post-thumbnail","6":"product_cat-concretagem","8":"first","9":"instock","10":"shipping-taxable","11":"product-type-simple"},"_links":{"self":[{"href":"https:\/\/ricardolocacaodemaquinas.com.br\/index.php?rest_route=\/wp\/v2\/product\/75644","targetHints":{"allow":["GET"]}}],"collection":[{"href":"https:\/\/ricardolocacaodemaquinas.com.br\/index.php?rest_route=\/wp\/v2\/product"}],"about":[{"href":"https:\/\/ricardolocacaodemaquinas.com.br\/index.php?rest_route=\/wp\/v2\/types\/product"}],"replies":[{"embeddable":true,"href":"https:\/\/ricardolocacaodemaquinas.com.br\/index.php?rest_route=%2Fwp%2Fv2%2Fcomments&post=75644"}],"wp:featuredmedia":[{"embeddable":true,"href":"https:\/\/ricardolocacaodemaquinas.com.br\/index.php?rest_route=\/wp\/v2\/media\/75645"}],"wp:attachment":[{"href":"https:\/\/ricardolocacaodemaquinas.com.br\/index.php?rest_route=%2Fwp%2Fv2%2Fmedia&parent=75644"}],"wp:term":[{"taxonomy":"product_cat","embeddable":true,"href":"https:\/\/ricardolocacaodemaquinas.com.br\/index.php?rest_route=%2Fwp%2Fv2%2Fproduct_cat&post=75644"},{"taxonomy":"product_tag","embeddable":true,"href":"https:\/\/ricardolocacaodemaquinas.com.br\/index.php?rest_route=%2Fwp%2Fv2%2Fproduct_tag&post=75644"}],"curies":[{"name":"wp","href":"https:\/\/api.w.org\/{rel}","templated":true}]}}