{"id":75630,"date":"2024-12-17T16:19:06","date_gmt":"2024-12-17T19:19:06","guid":{"rendered":"http:\/\/ricardolocacaodemaquinas.com.br\/?post_type=product&#038;p=75630"},"modified":"2024-12-20T16:39:39","modified_gmt":"2024-12-20T19:39:39","slug":"guarda-corpo-para-andaime-15m","status":"publish","type":"product","link":"https:\/\/ricardolocacaodemaquinas.com.br\/?product=guarda-corpo-para-andaime-15m","title":{"rendered":"Guarda &#8211; Corpo para andaime 1,5m"},"content":{"rendered":"","protected":false},"excerpt":{"rendered":"<p>Desenvolvidos para os diversos seguimentos da constru\u00e7\u00e3o, os andaimes s\u00e3o fabricados com mat\u00e9ria prima de alt\u00edssima resist\u00eancia e qualidade. Todos os componentes atendem a NBR18 e demais normatiza\u00e7\u00f5es vigentes. O acabamento em pintura eletrost\u00e1tica a p\u00f3 e os tubos refor\u00e7ados na composi\u00e7\u00e3o dos m\u00f3dulos e afins s\u00e3o diferenciais reconhecidos pelos principais locadores, construtores e empreiteiros do Brasil.<\/p>\n","protected":false},"featured_media":75729,"comment_status":"open","ping_status":"closed","template":"","meta":[],"product_cat":[79],"product_tag":[],"class_list":{"0":"post-75630","1":"product","2":"type-product","3":"status-publish","4":"has-post-thumbnail","6":"product_cat-acesso-e-elevacao","8":"first","9":"instock","10":"shipping-taxable","11":"product-type-simple"},"_links":{"self":[{"href":"https:\/\/ricardolocacaodemaquinas.com.br\/index.php?rest_route=\/wp\/v2\/product\/75630","targetHints":{"allow":["GET"]}}],"collection":[{"href":"https:\/\/ricardolocacaodemaquinas.com.br\/index.php?rest_route=\/wp\/v2\/product"}],"about":[{"href":"https:\/\/ricardolocacaodemaquinas.com.br\/index.php?rest_route=\/wp\/v2\/types\/product"}],"replies":[{"embeddable":true,"href":"https:\/\/ricardolocacaodemaquinas.com.br\/index.php?rest_route=%2Fwp%2Fv2%2Fcomments&post=75630"}],"wp:featuredmedia":[{"embeddable":true,"href":"https:\/\/ricardolocacaodemaquinas.com.br\/index.php?rest_route=\/wp\/v2\/media\/75729"}],"wp:attachment":[{"href":"https:\/\/ricardolocacaodemaquinas.com.br\/index.php?rest_route=%2Fwp%2Fv2%2Fmedia&parent=75630"}],"wp:term":[{"taxonomy":"product_cat","embeddable":true,"href":"https:\/\/ricardolocacaodemaquinas.com.br\/index.php?rest_route=%2Fwp%2Fv2%2Fproduct_cat&post=75630"},{"taxonomy":"product_tag","embeddable":true,"href":"https:\/\/ricardolocacaodemaquinas.com.br\/index.php?rest_route=%2Fwp%2Fv2%2Fproduct_tag&post=75630"}],"curies":[{"name":"wp","href":"https:\/\/api.w.org\/{rel}","templated":true}]}}