{"id":75622,"date":"2024-12-17T11:12:47","date_gmt":"2024-12-17T14:12:47","guid":{"rendered":"http:\/\/ricardolocacaodemaquinas.com.br\/?post_type=product&#038;p=75622"},"modified":"2024-12-20T12:35:34","modified_gmt":"2024-12-20T15:35:34","slug":"serra-circular","status":"publish","type":"product","link":"https:\/\/ricardolocacaodemaquinas.com.br\/?product=serra-circular","title":{"rendered":"Serra Circular"},"content":{"rendered":"","protected":false},"excerpt":{"rendered":"<p>Obtenha a pot\u00eancia e a profundidade de corte de uma serra circular com fio com a portabilidade e a conveni\u00eancia de uma serra circular sem fio. Alimentada por um motor sem escova de carv\u00e3o (Brushless), a Serra Circular 20V MAX* XR\u00ae Brushless de 7-1\/4&#8243; oferece excelente desempenho e tempo de execu\u00e7\u00e3o em trabalhos dif\u00edceis. Este kit inclui (1) Serra Circular 20V MAX* Brushless 7.1\/4&#8243; DCS570, (2) Baterias 20V MAX* Power Stack 5Ah, (1) Carregador e (1) Bolsa de Transporte super resistente.<\/p>\n","protected":false},"featured_media":75766,"comment_status":"open","ping_status":"closed","template":"","meta":[],"product_cat":[87],"product_tag":[],"class_list":{"0":"post-75622","1":"product","2":"type-product","3":"status-publish","4":"has-post-thumbnail","6":"product_cat-serras","8":"first","9":"instock","10":"shipping-taxable","11":"product-type-simple"},"_links":{"self":[{"href":"https:\/\/ricardolocacaodemaquinas.com.br\/index.php?rest_route=\/wp\/v2\/product\/75622","targetHints":{"allow":["GET"]}}],"collection":[{"href":"https:\/\/ricardolocacaodemaquinas.com.br\/index.php?rest_route=\/wp\/v2\/product"}],"about":[{"href":"https:\/\/ricardolocacaodemaquinas.com.br\/index.php?rest_route=\/wp\/v2\/types\/product"}],"replies":[{"embeddable":true,"href":"https:\/\/ricardolocacaodemaquinas.com.br\/index.php?rest_route=%2Fwp%2Fv2%2Fcomments&post=75622"}],"wp:featuredmedia":[{"embeddable":true,"href":"https:\/\/ricardolocacaodemaquinas.com.br\/index.php?rest_route=\/wp\/v2\/media\/75766"}],"wp:attachment":[{"href":"https:\/\/ricardolocacaodemaquinas.com.br\/index.php?rest_route=%2Fwp%2Fv2%2Fmedia&parent=75622"}],"wp:term":[{"taxonomy":"product_cat","embeddable":true,"href":"https:\/\/ricardolocacaodemaquinas.com.br\/index.php?rest_route=%2Fwp%2Fv2%2Fproduct_cat&post=75622"},{"taxonomy":"product_tag","embeddable":true,"href":"https:\/\/ricardolocacaodemaquinas.com.br\/index.php?rest_route=%2Fwp%2Fv2%2Fproduct_tag&post=75622"}],"curies":[{"name":"wp","href":"https:\/\/api.w.org\/{rel}","templated":true}]}}