{"id":75620,"date":"2024-12-17T11:09:39","date_gmt":"2024-12-17T14:09:39","guid":{"rendered":"http:\/\/ricardolocacaodemaquinas.com.br\/?post_type=product&#038;p=75620"},"modified":"2024-12-20T13:22:00","modified_gmt":"2024-12-20T16:22:00","slug":"serra-tico-tico","status":"publish","type":"product","link":"https:\/\/ricardolocacaodemaquinas.com.br\/?product=serra-tico-tico","title":{"rendered":"Serra Tico-Tico"},"content":{"rendered":"","protected":false},"excerpt":{"rendered":"<p>Motor robusto com escovas de carv\u00e3o substitu\u00edveis; Empunhadura emborrachada; Interruptor com controle de velocidade vari\u00e1vel com trava de seguran\u00e7a; Mecanismo com contrapeso reduz a vibra\u00e7\u00e3o; Engate r\u00e1pido de encaixe universal para l\u00e2minas de qualquer tipo; Sapata de ajuste r\u00e1pido com paradas em \u00e2ngulos 0\u00b0, 15\u00b0, 30\u00b0 e 45\u00b0 para ambos os lados; Soprador de p\u00f3 ajust\u00e1vel; Capa da sapata. Velocidade sem carga de 3.000 GPM e apenas 2,4kg. Conte com uma capacidade do corte em Madeira e 135 mm \/ em Metal de 10 mm.<\/p>\n","protected":false},"featured_media":75791,"comment_status":"open","ping_status":"closed","template":"","meta":[],"product_cat":[87],"product_tag":[],"class_list":{"0":"post-75620","1":"product","2":"type-product","3":"status-publish","4":"has-post-thumbnail","6":"product_cat-serras","8":"first","9":"instock","10":"shipping-taxable","11":"product-type-simple"},"_links":{"self":[{"href":"https:\/\/ricardolocacaodemaquinas.com.br\/index.php?rest_route=\/wp\/v2\/product\/75620","targetHints":{"allow":["GET"]}}],"collection":[{"href":"https:\/\/ricardolocacaodemaquinas.com.br\/index.php?rest_route=\/wp\/v2\/product"}],"about":[{"href":"https:\/\/ricardolocacaodemaquinas.com.br\/index.php?rest_route=\/wp\/v2\/types\/product"}],"replies":[{"embeddable":true,"href":"https:\/\/ricardolocacaodemaquinas.com.br\/index.php?rest_route=%2Fwp%2Fv2%2Fcomments&post=75620"}],"wp:featuredmedia":[{"embeddable":true,"href":"https:\/\/ricardolocacaodemaquinas.com.br\/index.php?rest_route=\/wp\/v2\/media\/75791"}],"wp:attachment":[{"href":"https:\/\/ricardolocacaodemaquinas.com.br\/index.php?rest_route=%2Fwp%2Fv2%2Fmedia&parent=75620"}],"wp:term":[{"taxonomy":"product_cat","embeddable":true,"href":"https:\/\/ricardolocacaodemaquinas.com.br\/index.php?rest_route=%2Fwp%2Fv2%2Fproduct_cat&post=75620"},{"taxonomy":"product_tag","embeddable":true,"href":"https:\/\/ricardolocacaodemaquinas.com.br\/index.php?rest_route=%2Fwp%2Fv2%2Fproduct_tag&post=75620"}],"curies":[{"name":"wp","href":"https:\/\/api.w.org\/{rel}","templated":true}]}}