{"id":75616,"date":"2024-12-17T10:56:53","date_gmt":"2024-12-17T13:56:53","guid":{"rendered":"http:\/\/ricardolocacaodemaquinas.com.br\/?post_type=product&#038;p=75616"},"modified":"2024-12-20T11:28:55","modified_gmt":"2024-12-20T14:28:55","slug":"airless","status":"publish","type":"product","link":"https:\/\/ricardolocacaodemaquinas.com.br\/?product=airless","title":{"rendered":"Airless"},"content":{"rendered":"","protected":false},"excerpt":{"rendered":"<p>Essa m\u00e1quina vers\u00e1til conta com\u00a0<strong>bicos intercambi\u00e1veis<\/strong>, compat\u00edveis com outros modelos da Menegotti, oferecendo mais op\u00e7\u00f5es para atender a diferentes tipos de projetos. Se voc\u00ea precisa aplicar\u00a0<strong>tintas<\/strong>\u00a0ou\u00a0<strong>massa corrida<\/strong>, a\u00a0<strong>Airless MMA 4500<\/strong>\u00a0garante uma aplica\u00e7\u00e3o impec\u00e1vel em diversas superf\u00edcies, atendendo \u00e0s necessidades mais exigentes.<\/p>\n<p>Perfeita para\u00a0<strong>construtoras<\/strong>\u00a0e\u00a0<strong>pedreiros<\/strong>, essa m\u00e1quina \u00e9 a escolha ideal para quem busca\u00a0<strong>agilidade, precis\u00e3o e performance<\/strong>. N\u00e3o perca tempo, invista em qualidade e efici\u00eancia!<\/p>\n","protected":false},"featured_media":75759,"comment_status":"open","ping_status":"closed","template":"","meta":[],"product_cat":[86],"product_tag":[],"class_list":{"0":"post-75616","1":"product","2":"type-product","3":"status-publish","4":"has-post-thumbnail","6":"product_cat-pintura","8":"first","9":"instock","10":"shipping-taxable","11":"product-type-simple"},"_links":{"self":[{"href":"https:\/\/ricardolocacaodemaquinas.com.br\/index.php?rest_route=\/wp\/v2\/product\/75616","targetHints":{"allow":["GET"]}}],"collection":[{"href":"https:\/\/ricardolocacaodemaquinas.com.br\/index.php?rest_route=\/wp\/v2\/product"}],"about":[{"href":"https:\/\/ricardolocacaodemaquinas.com.br\/index.php?rest_route=\/wp\/v2\/types\/product"}],"replies":[{"embeddable":true,"href":"https:\/\/ricardolocacaodemaquinas.com.br\/index.php?rest_route=%2Fwp%2Fv2%2Fcomments&post=75616"}],"wp:featuredmedia":[{"embeddable":true,"href":"https:\/\/ricardolocacaodemaquinas.com.br\/index.php?rest_route=\/wp\/v2\/media\/75759"}],"wp:attachment":[{"href":"https:\/\/ricardolocacaodemaquinas.com.br\/index.php?rest_route=%2Fwp%2Fv2%2Fmedia&parent=75616"}],"wp:term":[{"taxonomy":"product_cat","embeddable":true,"href":"https:\/\/ricardolocacaodemaquinas.com.br\/index.php?rest_route=%2Fwp%2Fv2%2Fproduct_cat&post=75616"},{"taxonomy":"product_tag","embeddable":true,"href":"https:\/\/ricardolocacaodemaquinas.com.br\/index.php?rest_route=%2Fwp%2Fv2%2Fproduct_tag&post=75616"}],"curies":[{"name":"wp","href":"https:\/\/api.w.org\/{rel}","templated":true}]}}