{"id":75614,"date":"2024-12-17T10:48:35","date_gmt":"2024-12-17T13:48:35","guid":{"rendered":"http:\/\/ricardolocacaodemaquinas.com.br\/?post_type=product&#038;p=75614"},"modified":"2024-12-20T09:27:11","modified_gmt":"2024-12-20T12:27:11","slug":"rompedor","status":"publish","type":"product","link":"https:\/\/ricardolocacaodemaquinas.com.br\/?product=rompedor","title":{"rendered":"Rompedor"},"content":{"rendered":"","protected":false},"excerpt":{"rendered":"<p>Martelo eletropneum\u00e1tico rompedor, com encaixe hexagonal 17mm, com pot\u00eancia de 1050W, com energia de impacto de 7,1 Joules, com impactos por minuto de 3150 IPM, com caixa de engrenagem em alum\u00ednio, para demoli\u00e7\u00e3o de estruturas em concreto e alvenaria, pisos, pavimentos e remo\u00e7\u00e3o de revestimentos, acompanhado de empunhadura lateral e maleta pl\u00e1stica.<\/p>\n","protected":false},"featured_media":75739,"comment_status":"open","ping_status":"closed","template":"","meta":[],"product_cat":[83],"product_tag":[],"class_list":{"0":"post-75614","1":"product","2":"type-product","3":"status-publish","4":"has-post-thumbnail","6":"product_cat-furacao-e-demolicao","8":"first","9":"instock","10":"shipping-taxable","11":"product-type-simple"},"_links":{"self":[{"href":"https:\/\/ricardolocacaodemaquinas.com.br\/index.php?rest_route=\/wp\/v2\/product\/75614","targetHints":{"allow":["GET"]}}],"collection":[{"href":"https:\/\/ricardolocacaodemaquinas.com.br\/index.php?rest_route=\/wp\/v2\/product"}],"about":[{"href":"https:\/\/ricardolocacaodemaquinas.com.br\/index.php?rest_route=\/wp\/v2\/types\/product"}],"replies":[{"embeddable":true,"href":"https:\/\/ricardolocacaodemaquinas.com.br\/index.php?rest_route=%2Fwp%2Fv2%2Fcomments&post=75614"}],"wp:featuredmedia":[{"embeddable":true,"href":"https:\/\/ricardolocacaodemaquinas.com.br\/index.php?rest_route=\/wp\/v2\/media\/75739"}],"wp:attachment":[{"href":"https:\/\/ricardolocacaodemaquinas.com.br\/index.php?rest_route=%2Fwp%2Fv2%2Fmedia&parent=75614"}],"wp:term":[{"taxonomy":"product_cat","embeddable":true,"href":"https:\/\/ricardolocacaodemaquinas.com.br\/index.php?rest_route=%2Fwp%2Fv2%2Fproduct_cat&post=75614"},{"taxonomy":"product_tag","embeddable":true,"href":"https:\/\/ricardolocacaodemaquinas.com.br\/index.php?rest_route=%2Fwp%2Fv2%2Fproduct_tag&post=75614"}],"curies":[{"name":"wp","href":"https:\/\/api.w.org\/{rel}","templated":true}]}}