{"id":75612,"date":"2024-12-17T10:40:42","date_gmt":"2024-12-17T13:40:42","guid":{"rendered":"http:\/\/ricardolocacaodemaquinas.com.br\/?post_type=product&#038;p=75612"},"modified":"2024-12-20T09:23:33","modified_gmt":"2024-12-20T12:23:33","slug":"parafusadeira-a-bateria","status":"publish","type":"product","link":"https:\/\/ricardolocacaodemaquinas.com.br\/?product=parafusadeira-a-bateria","title":{"rendered":"Parafusadeira a bateria"},"content":{"rendered":"","protected":false},"excerpt":{"rendered":"<p>Kit Parafusadeira Drywall com motor BRUSHLESS (sem escovas de carv\u00e3o). Parte da linha 20V MAX* LI-ION. Leve, compacta e ergon\u00f4mica; Empunhadura emborrachada; Engate r\u00e1pido 1\/4&#8221;; Velocidade vari\u00e1vel e revers\u00edvel com trava de seguran\u00e7a no gatilho; LED permanece ativado por 20 segundos ap\u00f3s desligamento do interruptor; Freio eletr\u00f4nico; Velocidade sem carga de 0-4400 RPM e torque m\u00e1ximo 5-30Nm. Acompanha\u00a02 baterias 20V &#8211; 2.0Ah (127V)<\/p>\n","protected":false},"featured_media":75737,"comment_status":"open","ping_status":"closed","template":"","meta":[],"product_cat":[83],"product_tag":[],"class_list":{"0":"post-75612","1":"product","2":"type-product","3":"status-publish","4":"has-post-thumbnail","6":"product_cat-furacao-e-demolicao","8":"first","9":"instock","10":"shipping-taxable","11":"product-type-simple"},"_links":{"self":[{"href":"https:\/\/ricardolocacaodemaquinas.com.br\/index.php?rest_route=\/wp\/v2\/product\/75612","targetHints":{"allow":["GET"]}}],"collection":[{"href":"https:\/\/ricardolocacaodemaquinas.com.br\/index.php?rest_route=\/wp\/v2\/product"}],"about":[{"href":"https:\/\/ricardolocacaodemaquinas.com.br\/index.php?rest_route=\/wp\/v2\/types\/product"}],"replies":[{"embeddable":true,"href":"https:\/\/ricardolocacaodemaquinas.com.br\/index.php?rest_route=%2Fwp%2Fv2%2Fcomments&post=75612"}],"wp:featuredmedia":[{"embeddable":true,"href":"https:\/\/ricardolocacaodemaquinas.com.br\/index.php?rest_route=\/wp\/v2\/media\/75737"}],"wp:attachment":[{"href":"https:\/\/ricardolocacaodemaquinas.com.br\/index.php?rest_route=%2Fwp%2Fv2%2Fmedia&parent=75612"}],"wp:term":[{"taxonomy":"product_cat","embeddable":true,"href":"https:\/\/ricardolocacaodemaquinas.com.br\/index.php?rest_route=%2Fwp%2Fv2%2Fproduct_cat&post=75612"},{"taxonomy":"product_tag","embeddable":true,"href":"https:\/\/ricardolocacaodemaquinas.com.br\/index.php?rest_route=%2Fwp%2Fv2%2Fproduct_tag&post=75612"}],"curies":[{"name":"wp","href":"https:\/\/api.w.org\/{rel}","templated":true}]}}