{"id":75610,"date":"2024-12-17T10:25:29","date_gmt":"2024-12-17T13:25:29","guid":{"rendered":"http:\/\/ricardolocacaodemaquinas.com.br\/?post_type=product&#038;p=75610"},"modified":"2024-12-20T09:16:53","modified_gmt":"2024-12-20T12:16:53","slug":"martelete","status":"publish","type":"product","link":"https:\/\/ricardolocacaodemaquinas.com.br\/?product=martelete","title":{"rendered":"Martelete"},"content":{"rendered":"","protected":false},"excerpt":{"rendered":"<p>Martelete eletropneum\u00e1tico perfurador com impacto, sem impacto e rompedor, com encaixe SDS PLUS 1&#8242; (26mm), com pot\u00eancia de 800W, com energia de impacto de 2,8 Joules, com impactos por minuto de 0-5.540 IPM, com controle de velocidade at\u00e9 1500 RPM, com caixa de engrenagem em alum\u00ednio, para demoli\u00e7\u00e3o de estruturas em concreto e alvenaria, pisos, pavimentos e remo\u00e7\u00e3o de revestimentos, acompanhado de 1 limitador de profundidade, 1 mandril de aperto r\u00e1pido de 1\/2&#8243;, 1 empunhadura lateral e maleta pl\u00e1stica.<\/p>\n","protected":false},"featured_media":75734,"comment_status":"open","ping_status":"closed","template":"","meta":[],"product_cat":[83],"product_tag":[],"class_list":{"0":"post-75610","1":"product","2":"type-product","3":"status-publish","4":"has-post-thumbnail","6":"product_cat-furacao-e-demolicao","8":"first","9":"instock","10":"shipping-taxable","11":"product-type-simple"},"_links":{"self":[{"href":"https:\/\/ricardolocacaodemaquinas.com.br\/index.php?rest_route=\/wp\/v2\/product\/75610","targetHints":{"allow":["GET"]}}],"collection":[{"href":"https:\/\/ricardolocacaodemaquinas.com.br\/index.php?rest_route=\/wp\/v2\/product"}],"about":[{"href":"https:\/\/ricardolocacaodemaquinas.com.br\/index.php?rest_route=\/wp\/v2\/types\/product"}],"replies":[{"embeddable":true,"href":"https:\/\/ricardolocacaodemaquinas.com.br\/index.php?rest_route=%2Fwp%2Fv2%2Fcomments&post=75610"}],"wp:featuredmedia":[{"embeddable":true,"href":"https:\/\/ricardolocacaodemaquinas.com.br\/index.php?rest_route=\/wp\/v2\/media\/75734"}],"wp:attachment":[{"href":"https:\/\/ricardolocacaodemaquinas.com.br\/index.php?rest_route=%2Fwp%2Fv2%2Fmedia&parent=75610"}],"wp:term":[{"taxonomy":"product_cat","embeddable":true,"href":"https:\/\/ricardolocacaodemaquinas.com.br\/index.php?rest_route=%2Fwp%2Fv2%2Fproduct_cat&post=75610"},{"taxonomy":"product_tag","embeddable":true,"href":"https:\/\/ricardolocacaodemaquinas.com.br\/index.php?rest_route=%2Fwp%2Fv2%2Fproduct_tag&post=75610"}],"curies":[{"name":"wp","href":"https:\/\/api.w.org\/{rel}","templated":true}]}}