{"id":75566,"date":"2024-12-16T16:21:12","date_gmt":"2024-12-16T19:21:12","guid":{"rendered":"http:\/\/ricardolocacaodemaquinas.com.br\/?post_type=product&#038;p=75566"},"modified":"2024-12-20T12:36:02","modified_gmt":"2024-12-20T15:36:02","slug":"serra-marmore","status":"publish","type":"product","link":"https:\/\/ricardolocacaodemaquinas.com.br\/?product=serra-marmore","title":{"rendered":"Serra M\u00e1rmore"},"content":{"rendered":"","protected":false},"excerpt":{"rendered":"<p>A Serra M\u00e1rmore de 1300W \u00e9 recomendada para uso na constru\u00e7\u00e3o civil, sendo ideal para cortar uma variedade de materiais, como m\u00e1rmore, granito, concreto, alvenaria, telha, tijolo, ard\u00f3sia, pedras em geral, madeira, entre outros.<br \/>\nO kit acompanha um sistema de refrigera\u00e7\u00e3o, 1 chave Allen, 1 chave de boca e 2 carv\u00f5es para garantir um melhor desempenho durante o uso. No entanto, n\u00e3o \u00e9 recomendado para discos com dentes de metal duro\/v\u00eddea.<br \/>\n\u00c9 importante utilizar o disco apropriado para cada segmento de material a ser cortado. A capacidade de corte a 90\u00ba \u00e9 de 34,0 mm. Esta serra \u00e9 indicada para uso semiprofissional e profissional, oferecendo qualidade e efici\u00eancia em diversas aplica\u00e7\u00f5es na constru\u00e7\u00e3o civil.<\/p>\n","protected":false},"featured_media":75767,"comment_status":"open","ping_status":"closed","template":"","meta":[],"product_cat":[87],"product_tag":[],"class_list":{"0":"post-75566","1":"product","2":"type-product","3":"status-publish","4":"has-post-thumbnail","6":"product_cat-serras","8":"first","9":"instock","10":"shipping-taxable","11":"product-type-simple"},"_links":{"self":[{"href":"https:\/\/ricardolocacaodemaquinas.com.br\/index.php?rest_route=\/wp\/v2\/product\/75566","targetHints":{"allow":["GET"]}}],"collection":[{"href":"https:\/\/ricardolocacaodemaquinas.com.br\/index.php?rest_route=\/wp\/v2\/product"}],"about":[{"href":"https:\/\/ricardolocacaodemaquinas.com.br\/index.php?rest_route=\/wp\/v2\/types\/product"}],"replies":[{"embeddable":true,"href":"https:\/\/ricardolocacaodemaquinas.com.br\/index.php?rest_route=%2Fwp%2Fv2%2Fcomments&post=75566"}],"wp:featuredmedia":[{"embeddable":true,"href":"https:\/\/ricardolocacaodemaquinas.com.br\/index.php?rest_route=\/wp\/v2\/media\/75767"}],"wp:attachment":[{"href":"https:\/\/ricardolocacaodemaquinas.com.br\/index.php?rest_route=%2Fwp%2Fv2%2Fmedia&parent=75566"}],"wp:term":[{"taxonomy":"product_cat","embeddable":true,"href":"https:\/\/ricardolocacaodemaquinas.com.br\/index.php?rest_route=%2Fwp%2Fv2%2Fproduct_cat&post=75566"},{"taxonomy":"product_tag","embeddable":true,"href":"https:\/\/ricardolocacaodemaquinas.com.br\/index.php?rest_route=%2Fwp%2Fv2%2Fproduct_tag&post=75566"}],"curies":[{"name":"wp","href":"https:\/\/api.w.org\/{rel}","templated":true}]}}