{"id":75563,"date":"2024-12-16T16:19:39","date_gmt":"2024-12-16T19:19:39","guid":{"rendered":"http:\/\/ricardolocacaodemaquinas.com.br\/?post_type=product&#038;p=75563"},"modified":"2024-12-20T17:01:07","modified_gmt":"2024-12-20T20:01:07","slug":"aspirador-de-po-agua","status":"publish","type":"product","link":"https:\/\/ricardolocacaodemaquinas.com.br\/?product=aspirador-de-po-agua","title":{"rendered":"Aspirador de P\u00f3\/\u00c1gua"},"content":{"rendered":"","protected":false},"excerpt":{"rendered":"<p>O Aspirador Industrial 30L \u00e9 um equipamento multifuncional que aspira s\u00f3lidos e l\u00edquidos e tamb\u00e9m possui uma fun\u00e7\u00e3o de sopro para diversas aplica\u00e7\u00f5es. Com uma capacidade de 30L e um motor de pot\u00eancia m\u00e1xima de 1400W, ele \u00e9 eficaz na remo\u00e7\u00e3o de sujeira, l\u00edquidos e detritos. Este aspirador \u00e9 ideal tanto para uso dom\u00e9stico quanto comercial.<\/p>\n","protected":false},"featured_media":75564,"comment_status":"open","ping_status":"closed","template":"","meta":[],"product_cat":[85],"product_tag":[],"class_list":{"0":"post-75563","1":"product","2":"type-product","3":"status-publish","4":"has-post-thumbnail","6":"product_cat-limpeza","8":"first","9":"instock","10":"shipping-taxable","11":"product-type-simple"},"_links":{"self":[{"href":"https:\/\/ricardolocacaodemaquinas.com.br\/index.php?rest_route=\/wp\/v2\/product\/75563","targetHints":{"allow":["GET"]}}],"collection":[{"href":"https:\/\/ricardolocacaodemaquinas.com.br\/index.php?rest_route=\/wp\/v2\/product"}],"about":[{"href":"https:\/\/ricardolocacaodemaquinas.com.br\/index.php?rest_route=\/wp\/v2\/types\/product"}],"replies":[{"embeddable":true,"href":"https:\/\/ricardolocacaodemaquinas.com.br\/index.php?rest_route=%2Fwp%2Fv2%2Fcomments&post=75563"}],"wp:featuredmedia":[{"embeddable":true,"href":"https:\/\/ricardolocacaodemaquinas.com.br\/index.php?rest_route=\/wp\/v2\/media\/75564"}],"wp:attachment":[{"href":"https:\/\/ricardolocacaodemaquinas.com.br\/index.php?rest_route=%2Fwp%2Fv2%2Fmedia&parent=75563"}],"wp:term":[{"taxonomy":"product_cat","embeddable":true,"href":"https:\/\/ricardolocacaodemaquinas.com.br\/index.php?rest_route=%2Fwp%2Fv2%2Fproduct_cat&post=75563"},{"taxonomy":"product_tag","embeddable":true,"href":"https:\/\/ricardolocacaodemaquinas.com.br\/index.php?rest_route=%2Fwp%2Fv2%2Fproduct_tag&post=75563"}],"curies":[{"name":"wp","href":"https:\/\/api.w.org\/{rel}","templated":true}]}}