{"id":75561,"date":"2024-12-16T16:18:15","date_gmt":"2024-12-16T19:18:15","guid":{"rendered":"http:\/\/ricardolocacaodemaquinas.com.br\/?post_type=product&#038;p=75561"},"modified":"2024-12-19T16:55:08","modified_gmt":"2024-12-19T19:55:08","slug":"rocadeira","status":"publish","type":"product","link":"https:\/\/ricardolocacaodemaquinas.com.br\/?product=rocadeira","title":{"rendered":"Ro\u00e7adeira"},"content":{"rendered":"","protected":false},"excerpt":{"rendered":"<p>Equipamento de corte r\u00e1pido e alta velocidade, indispens\u00e1vel nos servi\u00e7os de manuten\u00e7\u00e3o de diversas \u00e1reas como: pra\u00e7as, terrenos, canteiros.<\/p>\n<p>Ideal para desbaste de vegeta\u00e7\u00e3o em \u00e1reas amplas, tamb\u00e9m pode ser utilizada para aparar pequenas moitas e arbustos, permite um cuidado perfeito do jardim e das \u00e1reas verdes em geral.<\/p>\n<p>Permite alternar o uso entre a l\u00e2mina e o cabe\u00e7ote de corte, possibilitando a aplica\u00e7\u00e3o tanto em acabamentos finos e at\u00e9 alguns trabalhos mais pesados.<\/p>\n<p>&nbsp;<\/p>\n<p>\u2022 Guid\u00e3o bipartido e ajust\u00e1vel;<\/p>\n<p>\u2022 Sistema de embreagem com boa absor\u00e7\u00e3o de impacto em caso de choque em objetos;<\/p>\n<p>\u2022 Equipamento leve para opera\u00e7\u00e3o.<\/p>\n","protected":false},"featured_media":75727,"comment_status":"open","ping_status":"closed","template":"","meta":[],"product_cat":[84],"product_tag":[],"class_list":{"0":"post-75561","1":"product","2":"type-product","3":"status-publish","4":"has-post-thumbnail","6":"product_cat-jardinagem","8":"first","9":"instock","10":"shipping-taxable","11":"product-type-simple"},"_links":{"self":[{"href":"https:\/\/ricardolocacaodemaquinas.com.br\/index.php?rest_route=\/wp\/v2\/product\/75561","targetHints":{"allow":["GET"]}}],"collection":[{"href":"https:\/\/ricardolocacaodemaquinas.com.br\/index.php?rest_route=\/wp\/v2\/product"}],"about":[{"href":"https:\/\/ricardolocacaodemaquinas.com.br\/index.php?rest_route=\/wp\/v2\/types\/product"}],"replies":[{"embeddable":true,"href":"https:\/\/ricardolocacaodemaquinas.com.br\/index.php?rest_route=%2Fwp%2Fv2%2Fcomments&post=75561"}],"wp:featuredmedia":[{"embeddable":true,"href":"https:\/\/ricardolocacaodemaquinas.com.br\/index.php?rest_route=\/wp\/v2\/media\/75727"}],"wp:attachment":[{"href":"https:\/\/ricardolocacaodemaquinas.com.br\/index.php?rest_route=%2Fwp%2Fv2%2Fmedia&parent=75561"}],"wp:term":[{"taxonomy":"product_cat","embeddable":true,"href":"https:\/\/ricardolocacaodemaquinas.com.br\/index.php?rest_route=%2Fwp%2Fv2%2Fproduct_cat&post=75561"},{"taxonomy":"product_tag","embeddable":true,"href":"https:\/\/ricardolocacaodemaquinas.com.br\/index.php?rest_route=%2Fwp%2Fv2%2Fproduct_tag&post=75561"}],"curies":[{"name":"wp","href":"https:\/\/api.w.org\/{rel}","templated":true}]}}