{"id":75558,"date":"2024-12-16T16:17:18","date_gmt":"2024-12-16T19:17:18","guid":{"rendered":"http:\/\/ricardolocacaodemaquinas.com.br\/?post_type=product&#038;p=75558"},"modified":"2024-12-20T16:50:53","modified_gmt":"2024-12-20T19:50:53","slug":"furadeira","status":"publish","type":"product","link":"https:\/\/ricardolocacaodemaquinas.com.br\/?product=furadeira","title":{"rendered":"Furadeira"},"content":{"rendered":"","protected":false},"excerpt":{"rendered":"<p>A Furadeira gera 50% mais pot\u00eancia e ainda resistente contra sobrecarga para maior durabilidade; Constru\u00e7\u00e3o modular robusta com caixa de engrenagem em metal para maior durabilidade e confiabilidade; Duas velocidades mec\u00e2nicas vari\u00e1veis e revers\u00edveis; Gatilho de dois dedos com trava para uso cont\u00ednuo; Desenho ergon\u00f4mico e empunhadura emborrachada; Empunhadura lateral 360\u00b0 para excelente controle e versatilidade; Suporte para chave do mandril no cabo el\u00e9trico.<\/p>\n","protected":false},"featured_media":75732,"comment_status":"open","ping_status":"closed","template":"","meta":[],"product_cat":[83],"product_tag":[],"class_list":{"0":"post-75558","1":"product","2":"type-product","3":"status-publish","4":"has-post-thumbnail","6":"product_cat-furacao-e-demolicao","8":"first","9":"instock","10":"shipping-taxable","11":"product-type-simple"},"_links":{"self":[{"href":"https:\/\/ricardolocacaodemaquinas.com.br\/index.php?rest_route=\/wp\/v2\/product\/75558","targetHints":{"allow":["GET"]}}],"collection":[{"href":"https:\/\/ricardolocacaodemaquinas.com.br\/index.php?rest_route=\/wp\/v2\/product"}],"about":[{"href":"https:\/\/ricardolocacaodemaquinas.com.br\/index.php?rest_route=\/wp\/v2\/types\/product"}],"replies":[{"embeddable":true,"href":"https:\/\/ricardolocacaodemaquinas.com.br\/index.php?rest_route=%2Fwp%2Fv2%2Fcomments&post=75558"}],"wp:featuredmedia":[{"embeddable":true,"href":"https:\/\/ricardolocacaodemaquinas.com.br\/index.php?rest_route=\/wp\/v2\/media\/75732"}],"wp:attachment":[{"href":"https:\/\/ricardolocacaodemaquinas.com.br\/index.php?rest_route=%2Fwp%2Fv2%2Fmedia&parent=75558"}],"wp:term":[{"taxonomy":"product_cat","embeddable":true,"href":"https:\/\/ricardolocacaodemaquinas.com.br\/index.php?rest_route=%2Fwp%2Fv2%2Fproduct_cat&post=75558"},{"taxonomy":"product_tag","embeddable":true,"href":"https:\/\/ricardolocacaodemaquinas.com.br\/index.php?rest_route=%2Fwp%2Fv2%2Fproduct_tag&post=75558"}],"curies":[{"name":"wp","href":"https:\/\/api.w.org\/{rel}","templated":true}]}}