{"id":75552,"date":"2024-12-16T16:15:10","date_gmt":"2024-12-16T19:15:10","guid":{"rendered":"http:\/\/ricardolocacaodemaquinas.com.br\/?post_type=product&#038;p=75552"},"modified":"2024-12-20T13:48:40","modified_gmt":"2024-12-20T16:48:40","slug":"politriz","status":"publish","type":"product","link":"https:\/\/ricardolocacaodemaquinas.com.br\/?product=politriz","title":{"rendered":"Politriz"},"content":{"rendered":"","protected":false},"excerpt":{"rendered":"<p>Politriz 7&#8243; (180mm), parte da linha de ferramentas 20V MAX* XR LI-ION. Motor BRUSHLESS (sem escovas de carv\u00e3o) e eixo M14. Ideal para polimento de ve\u00edculos; Lixamento e remo\u00e7\u00f5es em metais e madeira. Velocidade sem Carga 800 a 2.200 RPM.<\/p>\n","protected":false},"featured_media":75804,"comment_status":"open","ping_status":"closed","template":"","meta":[],"product_cat":[82],"product_tag":[],"class_list":{"0":"post-75552","1":"product","2":"type-product","3":"status-publish","4":"has-post-thumbnail","6":"product_cat-maquinas-eletricas","8":"first","9":"instock","10":"shipping-taxable","11":"product-type-simple"},"_links":{"self":[{"href":"https:\/\/ricardolocacaodemaquinas.com.br\/index.php?rest_route=\/wp\/v2\/product\/75552","targetHints":{"allow":["GET"]}}],"collection":[{"href":"https:\/\/ricardolocacaodemaquinas.com.br\/index.php?rest_route=\/wp\/v2\/product"}],"about":[{"href":"https:\/\/ricardolocacaodemaquinas.com.br\/index.php?rest_route=\/wp\/v2\/types\/product"}],"replies":[{"embeddable":true,"href":"https:\/\/ricardolocacaodemaquinas.com.br\/index.php?rest_route=%2Fwp%2Fv2%2Fcomments&post=75552"}],"wp:featuredmedia":[{"embeddable":true,"href":"https:\/\/ricardolocacaodemaquinas.com.br\/index.php?rest_route=\/wp\/v2\/media\/75804"}],"wp:attachment":[{"href":"https:\/\/ricardolocacaodemaquinas.com.br\/index.php?rest_route=%2Fwp%2Fv2%2Fmedia&parent=75552"}],"wp:term":[{"taxonomy":"product_cat","embeddable":true,"href":"https:\/\/ricardolocacaodemaquinas.com.br\/index.php?rest_route=%2Fwp%2Fv2%2Fproduct_cat&post=75552"},{"taxonomy":"product_tag","embeddable":true,"href":"https:\/\/ricardolocacaodemaquinas.com.br\/index.php?rest_route=%2Fwp%2Fv2%2Fproduct_tag&post=75552"}],"curies":[{"name":"wp","href":"https:\/\/api.w.org\/{rel}","templated":true}]}}