{"id":75537,"date":"2024-12-16T16:12:12","date_gmt":"2024-12-16T19:12:12","guid":{"rendered":"http:\/\/ricardolocacaodemaquinas.com.br\/?post_type=product&#038;p=75537"},"modified":"2024-12-20T13:35:41","modified_gmt":"2024-12-20T16:35:41","slug":"parafusadeira","status":"publish","type":"product","link":"https:\/\/ricardolocacaodemaquinas.com.br\/?product=parafusadeira","title":{"rendered":"Parafusadeira"},"content":{"rendered":"","protected":false},"excerpt":{"rendered":"<p>Colar de controle de torque met\u00e1lico Versa-Clutch\u00ae ajusta o torque apropriado para fixa\u00e7\u00f5es eficientes; Dupla redu\u00e7\u00e3o de engrenagens em a\u00e7o usinado e temperado para longa vida \u00fatil; Caixa de engrenagem met\u00e1lica; Potente motor para aplica\u00e7\u00f5es em estruturas met\u00e1licas; Empunhadura emborrachada; Gatilho de dois dedos com velocidade vari\u00e1vel e revers\u00edvel; Gancho integrado para cinto.<\/p>\n","protected":false},"featured_media":75798,"comment_status":"open","ping_status":"closed","template":"","meta":[],"product_cat":[82],"product_tag":[],"class_list":{"0":"post-75537","1":"product","2":"type-product","3":"status-publish","4":"has-post-thumbnail","6":"product_cat-maquinas-eletricas","8":"first","9":"instock","10":"shipping-taxable","11":"product-type-simple"},"_links":{"self":[{"href":"https:\/\/ricardolocacaodemaquinas.com.br\/index.php?rest_route=\/wp\/v2\/product\/75537","targetHints":{"allow":["GET"]}}],"collection":[{"href":"https:\/\/ricardolocacaodemaquinas.com.br\/index.php?rest_route=\/wp\/v2\/product"}],"about":[{"href":"https:\/\/ricardolocacaodemaquinas.com.br\/index.php?rest_route=\/wp\/v2\/types\/product"}],"replies":[{"embeddable":true,"href":"https:\/\/ricardolocacaodemaquinas.com.br\/index.php?rest_route=%2Fwp%2Fv2%2Fcomments&post=75537"}],"wp:featuredmedia":[{"embeddable":true,"href":"https:\/\/ricardolocacaodemaquinas.com.br\/index.php?rest_route=\/wp\/v2\/media\/75798"}],"wp:attachment":[{"href":"https:\/\/ricardolocacaodemaquinas.com.br\/index.php?rest_route=%2Fwp%2Fv2%2Fmedia&parent=75537"}],"wp:term":[{"taxonomy":"product_cat","embeddable":true,"href":"https:\/\/ricardolocacaodemaquinas.com.br\/index.php?rest_route=%2Fwp%2Fv2%2Fproduct_cat&post=75537"},{"taxonomy":"product_tag","embeddable":true,"href":"https:\/\/ricardolocacaodemaquinas.com.br\/index.php?rest_route=%2Fwp%2Fv2%2Fproduct_tag&post=75537"}],"curies":[{"name":"wp","href":"https:\/\/api.w.org\/{rel}","templated":true}]}}