{"id":75535,"date":"2024-12-16T15:59:59","date_gmt":"2024-12-16T18:59:59","guid":{"rendered":"http:\/\/ricardolocacaodemaquinas.com.br\/?post_type=product&#038;p=75535"},"modified":"2024-12-20T13:34:11","modified_gmt":"2024-12-20T16:34:11","slug":"misturador","status":"publish","type":"product","link":"https:\/\/ricardolocacaodemaquinas.com.br\/?product=misturador","title":{"rendered":"Misturador"},"content":{"rendered":"","protected":false},"excerpt":{"rendered":"<p>Equipamento indicado para opera\u00e7\u00e3o onde \u00e9 necess\u00e1rio misturar, dissolver, agitar ou homogeneizar qualquer tipo de solu\u00e7\u00e3o l\u00edquida, com ou sem presen\u00e7a de s\u00f3lidos (argamassas, tintas, rejuntes, impermeabilizantes, gesso e similares).<\/p>\n","protected":false},"featured_media":75796,"comment_status":"open","ping_status":"closed","template":"","meta":[],"product_cat":[82],"product_tag":[],"class_list":{"0":"post-75535","1":"product","2":"type-product","3":"status-publish","4":"has-post-thumbnail","6":"product_cat-maquinas-eletricas","8":"first","9":"instock","10":"shipping-taxable","11":"product-type-simple"},"_links":{"self":[{"href":"https:\/\/ricardolocacaodemaquinas.com.br\/index.php?rest_route=\/wp\/v2\/product\/75535","targetHints":{"allow":["GET"]}}],"collection":[{"href":"https:\/\/ricardolocacaodemaquinas.com.br\/index.php?rest_route=\/wp\/v2\/product"}],"about":[{"href":"https:\/\/ricardolocacaodemaquinas.com.br\/index.php?rest_route=\/wp\/v2\/types\/product"}],"replies":[{"embeddable":true,"href":"https:\/\/ricardolocacaodemaquinas.com.br\/index.php?rest_route=%2Fwp%2Fv2%2Fcomments&post=75535"}],"wp:featuredmedia":[{"embeddable":true,"href":"https:\/\/ricardolocacaodemaquinas.com.br\/index.php?rest_route=\/wp\/v2\/media\/75796"}],"wp:attachment":[{"href":"https:\/\/ricardolocacaodemaquinas.com.br\/index.php?rest_route=%2Fwp%2Fv2%2Fmedia&parent=75535"}],"wp:term":[{"taxonomy":"product_cat","embeddable":true,"href":"https:\/\/ricardolocacaodemaquinas.com.br\/index.php?rest_route=%2Fwp%2Fv2%2Fproduct_cat&post=75535"},{"taxonomy":"product_tag","embeddable":true,"href":"https:\/\/ricardolocacaodemaquinas.com.br\/index.php?rest_route=%2Fwp%2Fv2%2Fproduct_tag&post=75535"}],"curies":[{"name":"wp","href":"https:\/\/api.w.org\/{rel}","templated":true}]}}