{"id":75532,"date":"2024-12-16T15:58:32","date_gmt":"2024-12-16T18:58:32","guid":{"rendered":"http:\/\/ricardolocacaodemaquinas.com.br\/?post_type=product&#038;p=75532"},"modified":"2024-12-20T11:59:06","modified_gmt":"2024-12-20T14:59:06","slug":"lixadeira-orbital","status":"publish","type":"product","link":"https:\/\/ricardolocacaodemaquinas.com.br\/?product=lixadeira-orbital","title":{"rendered":"Lixadeira Orbital"},"content":{"rendered":"","protected":false},"excerpt":{"rendered":"<p>Recobrimento de borracha para mais comodidade e menos fadiga. Perfil baixo permite a aproxima\u00e7\u00e3o com a superf\u00edcie de trabalho para um lixamento precisoInterruptor selado contra p\u00f3 aumenta a durabilidadeErgonomia da empunhadura melhorada antiderrapante, para segurar melhor e reduzir a fadigaMotor sem escovas (BRUSHLESS) oferece um tempo de execu\u00e7\u00e3o maior que todas ferramentas com escovas. \u00d3rbitas por minuto: 8.000 &#8211; 12.000 OPM. Di\u00e2metro da \u00f3rbita: 3\/32\u2019\u2019. Base: Velcro com 8 furos<\/p>\n","protected":false},"featured_media":75761,"comment_status":"open","ping_status":"closed","template":"","meta":[],"product_cat":[82,86],"product_tag":[],"class_list":{"0":"post-75532","1":"product","2":"type-product","3":"status-publish","4":"has-post-thumbnail","6":"product_cat-maquinas-eletricas","7":"product_cat-pintura","9":"first","10":"instock","11":"shipping-taxable","12":"product-type-simple"},"_links":{"self":[{"href":"https:\/\/ricardolocacaodemaquinas.com.br\/index.php?rest_route=\/wp\/v2\/product\/75532","targetHints":{"allow":["GET"]}}],"collection":[{"href":"https:\/\/ricardolocacaodemaquinas.com.br\/index.php?rest_route=\/wp\/v2\/product"}],"about":[{"href":"https:\/\/ricardolocacaodemaquinas.com.br\/index.php?rest_route=\/wp\/v2\/types\/product"}],"replies":[{"embeddable":true,"href":"https:\/\/ricardolocacaodemaquinas.com.br\/index.php?rest_route=%2Fwp%2Fv2%2Fcomments&post=75532"}],"wp:featuredmedia":[{"embeddable":true,"href":"https:\/\/ricardolocacaodemaquinas.com.br\/index.php?rest_route=\/wp\/v2\/media\/75761"}],"wp:attachment":[{"href":"https:\/\/ricardolocacaodemaquinas.com.br\/index.php?rest_route=%2Fwp%2Fv2%2Fmedia&parent=75532"}],"wp:term":[{"taxonomy":"product_cat","embeddable":true,"href":"https:\/\/ricardolocacaodemaquinas.com.br\/index.php?rest_route=%2Fwp%2Fv2%2Fproduct_cat&post=75532"},{"taxonomy":"product_tag","embeddable":true,"href":"https:\/\/ricardolocacaodemaquinas.com.br\/index.php?rest_route=%2Fwp%2Fv2%2Fproduct_tag&post=75532"}],"curies":[{"name":"wp","href":"https:\/\/api.w.org\/{rel}","templated":true}]}}