{"id":75529,"date":"2024-12-16T15:56:11","date_gmt":"2024-12-16T18:56:11","guid":{"rendered":"http:\/\/ricardolocacaodemaquinas.com.br\/?post_type=product&#038;p=75529"},"modified":"2024-12-20T11:38:53","modified_gmt":"2024-12-20T14:38:53","slug":"lixadeira-de-parede","status":"publish","type":"product","link":"https:\/\/ricardolocacaodemaquinas.com.br\/?product=lixadeira-de-parede","title":{"rendered":"Lixadeira de Parede"},"content":{"rendered":"","protected":false},"excerpt":{"rendered":"<p class=\"p1\">Equipamento com bra\u00e7o extens\u00edvel capaz de chegar em at\u00e9 1,8 m, n\u00e3o necessita de aspirador externo, por ter seu pr\u00f3prio sistema de suc\u00e7\u00e3o. Por ser articul\u00e1vel permite melhores posi\u00e7\u00f5es de trabalho em diversos locais<\/p>\n<p class=\"p1\">Possui lanterna de led, acionamento el\u00e9trico, sistema de fixa\u00e7\u00e3o das lixas com velcro, que permite colar e descolar rapidamente, pega m\u00e3o em borracha macia para maior conforto e ergonomia.<\/p>\n<p class=\"p1\">O produto vem acompanhado com 6 espessuras de lixa, que permite desgaste grosso at\u00e9 o acabamento mais fino (Lixa n\u00ba 80, 100, 120, 150, 180 e 240).<\/p>\n<p>Possui acionamento el\u00e9trico atrav\u00e9s de bot\u00e3o situado no bra\u00e7o\/cabo da m\u00e1quina, sistema de fixa\u00e7\u00e3o das lixas com velcro, que permite colar e descolar rapidamente, lixadeira articul\u00e1vel permitindo melhores posi\u00e7\u00f5es de trabalho em diversos locais, entrada para conex\u00e3o de aspiradores de p\u00f3, prote\u00e7\u00e3o remov\u00edvel da lixa, permitindo acessar quinas, sistema que permite melhor ergonomia ao lixar superf\u00edcies superiores como tetos, pega m\u00e3o em borracha macia para maior conforto e ergonomia.<\/p>\n","protected":false},"featured_media":75760,"comment_status":"open","ping_status":"closed","template":"","meta":[],"product_cat":[82,86],"product_tag":[],"class_list":{"0":"post-75529","1":"product","2":"type-product","3":"status-publish","4":"has-post-thumbnail","6":"product_cat-maquinas-eletricas","7":"product_cat-pintura","9":"first","10":"instock","11":"shipping-taxable","12":"product-type-simple"},"_links":{"self":[{"href":"https:\/\/ricardolocacaodemaquinas.com.br\/index.php?rest_route=\/wp\/v2\/product\/75529","targetHints":{"allow":["GET"]}}],"collection":[{"href":"https:\/\/ricardolocacaodemaquinas.com.br\/index.php?rest_route=\/wp\/v2\/product"}],"about":[{"href":"https:\/\/ricardolocacaodemaquinas.com.br\/index.php?rest_route=\/wp\/v2\/types\/product"}],"replies":[{"embeddable":true,"href":"https:\/\/ricardolocacaodemaquinas.com.br\/index.php?rest_route=%2Fwp%2Fv2%2Fcomments&post=75529"}],"wp:featuredmedia":[{"embeddable":true,"href":"https:\/\/ricardolocacaodemaquinas.com.br\/index.php?rest_route=\/wp\/v2\/media\/75760"}],"wp:attachment":[{"href":"https:\/\/ricardolocacaodemaquinas.com.br\/index.php?rest_route=%2Fwp%2Fv2%2Fmedia&parent=75529"}],"wp:term":[{"taxonomy":"product_cat","embeddable":true,"href":"https:\/\/ricardolocacaodemaquinas.com.br\/index.php?rest_route=%2Fwp%2Fv2%2Fproduct_cat&post=75529"},{"taxonomy":"product_tag","embeddable":true,"href":"https:\/\/ricardolocacaodemaquinas.com.br\/index.php?rest_route=%2Fwp%2Fv2%2Fproduct_tag&post=75529"}],"curies":[{"name":"wp","href":"https:\/\/api.w.org\/{rel}","templated":true}]}}