{"id":75526,"date":"2024-12-16T15:53:55","date_gmt":"2024-12-16T18:53:55","guid":{"rendered":"http:\/\/ricardolocacaodemaquinas.com.br\/?post_type=product&#038;p=75526"},"modified":"2024-12-20T10:52:37","modified_gmt":"2024-12-20T13:52:37","slug":"esmerilhadeira","status":"publish","type":"product","link":"https:\/\/ricardolocacaodemaquinas.com.br\/?product=esmerilhadeira","title":{"rendered":"Esmerilhadeira"},"content":{"rendered":"","protected":false},"excerpt":{"rendered":"<p>O conjunto inclui uma capa de prote\u00e7\u00e3o, um punho auxiliar, uma chave e dois pinos para garantir melhor desempenho durante o uso. A m\u00e1quina \u00e9 equipada com um bot\u00e3o inteligente e um sistema tipo top, proporcionando maior seguran\u00e7a durante o manuseio.<br \/>\nO disco recomendado tem 9\u2033 \u2013 230mm de di\u00e2metro. Este equipamento \u00e9 indicado para uso semiprofissional, oferecendo praticidade e efici\u00eancia em uma variedade de tarefas.<\/p>\n","protected":false},"featured_media":75758,"comment_status":"open","ping_status":"closed","template":"","meta":[],"product_cat":[82],"product_tag":[],"class_list":{"0":"post-75526","1":"product","2":"type-product","3":"status-publish","4":"has-post-thumbnail","6":"product_cat-maquinas-eletricas","8":"first","9":"instock","10":"shipping-taxable","11":"product-type-simple"},"_links":{"self":[{"href":"https:\/\/ricardolocacaodemaquinas.com.br\/index.php?rest_route=\/wp\/v2\/product\/75526","targetHints":{"allow":["GET"]}}],"collection":[{"href":"https:\/\/ricardolocacaodemaquinas.com.br\/index.php?rest_route=\/wp\/v2\/product"}],"about":[{"href":"https:\/\/ricardolocacaodemaquinas.com.br\/index.php?rest_route=\/wp\/v2\/types\/product"}],"replies":[{"embeddable":true,"href":"https:\/\/ricardolocacaodemaquinas.com.br\/index.php?rest_route=%2Fwp%2Fv2%2Fcomments&post=75526"}],"wp:featuredmedia":[{"embeddable":true,"href":"https:\/\/ricardolocacaodemaquinas.com.br\/index.php?rest_route=\/wp\/v2\/media\/75758"}],"wp:attachment":[{"href":"https:\/\/ricardolocacaodemaquinas.com.br\/index.php?rest_route=%2Fwp%2Fv2%2Fmedia&parent=75526"}],"wp:term":[{"taxonomy":"product_cat","embeddable":true,"href":"https:\/\/ricardolocacaodemaquinas.com.br\/index.php?rest_route=%2Fwp%2Fv2%2Fproduct_cat&post=75526"},{"taxonomy":"product_tag","embeddable":true,"href":"https:\/\/ricardolocacaodemaquinas.com.br\/index.php?rest_route=%2Fwp%2Fv2%2Fproduct_tag&post=75526"}],"curies":[{"name":"wp","href":"https:\/\/api.w.org\/{rel}","templated":true}]}}