{"id":75522,"date":"2024-12-16T15:50:05","date_gmt":"2024-12-16T18:50:05","guid":{"rendered":"http:\/\/ricardolocacaodemaquinas.com.br\/?post_type=product&#038;p=75522"},"modified":"2024-12-20T16:34:40","modified_gmt":"2024-12-20T19:34:40","slug":"betoneira-prime-400-litros","status":"publish","type":"product","link":"https:\/\/ricardolocacaodemaquinas.com.br\/?product=betoneira-prime-400-litros","title":{"rendered":"Betoneira 400L"},"content":{"rendered":"","protected":false},"excerpt":{"rendered":"<p>Equipamento dur\u00e1vel e indicado para projetos de pequeno porte. \u00c9 econ\u00f4mico e feito na medida certa para quem busca efici\u00eancia com baixo investimento.<\/p>\n","protected":false},"featured_media":75728,"comment_status":"open","ping_status":"closed","template":"","meta":[],"product_cat":[81,90],"product_tag":[],"class_list":{"0":"post-75522","1":"product","2":"type-product","3":"status-publish","4":"has-post-thumbnail","6":"product_cat-concretagem","7":"product_cat-destaques","9":"first","10":"instock","11":"shipping-taxable","12":"product-type-simple"},"_links":{"self":[{"href":"https:\/\/ricardolocacaodemaquinas.com.br\/index.php?rest_route=\/wp\/v2\/product\/75522","targetHints":{"allow":["GET"]}}],"collection":[{"href":"https:\/\/ricardolocacaodemaquinas.com.br\/index.php?rest_route=\/wp\/v2\/product"}],"about":[{"href":"https:\/\/ricardolocacaodemaquinas.com.br\/index.php?rest_route=\/wp\/v2\/types\/product"}],"replies":[{"embeddable":true,"href":"https:\/\/ricardolocacaodemaquinas.com.br\/index.php?rest_route=%2Fwp%2Fv2%2Fcomments&post=75522"}],"wp:featuredmedia":[{"embeddable":true,"href":"https:\/\/ricardolocacaodemaquinas.com.br\/index.php?rest_route=\/wp\/v2\/media\/75728"}],"wp:attachment":[{"href":"https:\/\/ricardolocacaodemaquinas.com.br\/index.php?rest_route=%2Fwp%2Fv2%2Fmedia&parent=75522"}],"wp:term":[{"taxonomy":"product_cat","embeddable":true,"href":"https:\/\/ricardolocacaodemaquinas.com.br\/index.php?rest_route=%2Fwp%2Fv2%2Fproduct_cat&post=75522"},{"taxonomy":"product_tag","embeddable":true,"href":"https:\/\/ricardolocacaodemaquinas.com.br\/index.php?rest_route=%2Fwp%2Fv2%2Fproduct_tag&post=75522"}],"curies":[{"name":"wp","href":"https:\/\/api.w.org\/{rel}","templated":true}]}}