{"id":75502,"date":"2024-12-16T15:47:02","date_gmt":"2024-12-16T18:47:02","guid":{"rendered":"http:\/\/ricardolocacaodemaquinas.com.br\/?post_type=product&#038;p=75502"},"modified":"2024-12-17T17:33:51","modified_gmt":"2024-12-17T20:33:51","slug":"alisadora-de-concreto","status":"publish","type":"product","link":"https:\/\/ricardolocacaodemaquinas.com.br\/?product=alisadora-de-concreto","title":{"rendered":"Alisadora de Concreto"},"content":{"rendered":"","protected":false},"excerpt":{"rendered":"<p>Alisadora de concreto montada nacionalmente, com menor custo e design \u00fanico.<\/p>\n<p>O equipamento realiza o alisamento e desempeno do piso de concreto atrav\u00e9s do giro circular das p\u00e1s alisadoras.<\/p>\n<p>Acompanha um jogo de quatro p\u00e1s alisadoras.<\/p>\n<p>Al\u00e7a de transporte frontal que garante o transporte f\u00e1cil e \u00e1gil por apenas duas pessoas.<\/p>\n<p>Caixa de redu\u00e7\u00e3o refor\u00e7ada que garante maior vida \u00fatil ao equipamento.<\/p>\n<p>Possui regulagem de altura das p\u00e1s e do guid\u00e3o para mais ergonomia, conforto e facilidade ao operar o equipamento.<\/p>\n<p>Maior seguran\u00e7a: dispositivo de emerg\u00eancia, parada autom\u00e1tica do motor em situa\u00e7\u00e3o inst\u00e1vel ou de aus\u00eancia do operador.<\/p>\n<p>Possui uma al\u00e7a de i\u00e7amento.<\/p>\n<p>Suporte dos bra\u00e7os de fixa\u00e7\u00e3o das p\u00e1s mais robusto, garantido um melhor alinhamento.<\/p>\n","protected":false},"featured_media":75521,"comment_status":"open","ping_status":"closed","template":"","meta":[],"product_cat":[81,90],"product_tag":[],"class_list":{"0":"post-75502","1":"product","2":"type-product","3":"status-publish","4":"has-post-thumbnail","6":"product_cat-concretagem","7":"product_cat-destaques","9":"first","10":"instock","11":"shipping-taxable","12":"product-type-simple"},"_links":{"self":[{"href":"https:\/\/ricardolocacaodemaquinas.com.br\/index.php?rest_route=\/wp\/v2\/product\/75502","targetHints":{"allow":["GET"]}}],"collection":[{"href":"https:\/\/ricardolocacaodemaquinas.com.br\/index.php?rest_route=\/wp\/v2\/product"}],"about":[{"href":"https:\/\/ricardolocacaodemaquinas.com.br\/index.php?rest_route=\/wp\/v2\/types\/product"}],"replies":[{"embeddable":true,"href":"https:\/\/ricardolocacaodemaquinas.com.br\/index.php?rest_route=%2Fwp%2Fv2%2Fcomments&post=75502"}],"wp:featuredmedia":[{"embeddable":true,"href":"https:\/\/ricardolocacaodemaquinas.com.br\/index.php?rest_route=\/wp\/v2\/media\/75521"}],"wp:attachment":[{"href":"https:\/\/ricardolocacaodemaquinas.com.br\/index.php?rest_route=%2Fwp%2Fv2%2Fmedia&parent=75502"}],"wp:term":[{"taxonomy":"product_cat","embeddable":true,"href":"https:\/\/ricardolocacaodemaquinas.com.br\/index.php?rest_route=%2Fwp%2Fv2%2Fproduct_cat&post=75502"},{"taxonomy":"product_tag","embeddable":true,"href":"https:\/\/ricardolocacaodemaquinas.com.br\/index.php?rest_route=%2Fwp%2Fv2%2Fproduct_tag&post=75502"}],"curies":[{"name":"wp","href":"https:\/\/api.w.org\/{rel}","templated":true}]}}