{"id":75483,"date":"2024-12-16T14:40:51","date_gmt":"2024-12-16T17:40:51","guid":{"rendered":"http:\/\/ricardolocacaodemaquinas.com.br\/?post_type=product&#038;p=75483"},"modified":"2025-01-07T15:49:19","modified_gmt":"2025-01-07T18:49:19","slug":"compactador-de-solo","status":"publish","type":"product","link":"https:\/\/ricardolocacaodemaquinas.com.br\/?product=compactador-de-solo","title":{"rendered":"Compactador de Solo"},"content":{"rendered":"","protected":false},"excerpt":{"rendered":"<p>\u2022 Projetado para compacta\u00e7\u00e3o de solos soltos e de cascalhos.<br \/>\n\u2022 Ideal para coloca\u00e7\u00e3o de sapatas, lajes de concreto, funda\u00e7\u00f5es, obras de tubula\u00e7\u00e3o de g\u00e1s, obras de tubula\u00e7\u00e3o de \u00e1gua, de aterramento de cabos, etc.<br \/>\n\u2022 Sistema de percuss\u00e3o formado por 4 molas super resistentes.<br \/>\n\u2022 6 meses de garantia.<br \/>\n\u2022\u00a0Movido \u00e0 gasolina.<\/p>\n<p>40860341 \u2013 Compactador de Solo RAM 75M<\/p>\n","protected":false},"featured_media":75731,"comment_status":"open","ping_status":"closed","template":"","meta":[],"product_cat":[20,90],"product_tag":[],"class_list":{"0":"post-75483","1":"product","2":"type-product","3":"status-publish","4":"has-post-thumbnail","6":"product_cat-compactacao-2","7":"product_cat-destaques","9":"first","10":"instock","11":"shipping-taxable","12":"product-type-simple"},"_links":{"self":[{"href":"https:\/\/ricardolocacaodemaquinas.com.br\/index.php?rest_route=\/wp\/v2\/product\/75483","targetHints":{"allow":["GET"]}}],"collection":[{"href":"https:\/\/ricardolocacaodemaquinas.com.br\/index.php?rest_route=\/wp\/v2\/product"}],"about":[{"href":"https:\/\/ricardolocacaodemaquinas.com.br\/index.php?rest_route=\/wp\/v2\/types\/product"}],"replies":[{"embeddable":true,"href":"https:\/\/ricardolocacaodemaquinas.com.br\/index.php?rest_route=%2Fwp%2Fv2%2Fcomments&post=75483"}],"wp:featuredmedia":[{"embeddable":true,"href":"https:\/\/ricardolocacaodemaquinas.com.br\/index.php?rest_route=\/wp\/v2\/media\/75731"}],"wp:attachment":[{"href":"https:\/\/ricardolocacaodemaquinas.com.br\/index.php?rest_route=%2Fwp%2Fv2%2Fmedia&parent=75483"}],"wp:term":[{"taxonomy":"product_cat","embeddable":true,"href":"https:\/\/ricardolocacaodemaquinas.com.br\/index.php?rest_route=%2Fwp%2Fv2%2Fproduct_cat&post=75483"},{"taxonomy":"product_tag","embeddable":true,"href":"https:\/\/ricardolocacaodemaquinas.com.br\/index.php?rest_route=%2Fwp%2Fv2%2Fproduct_tag&post=75483"}],"curies":[{"name":"wp","href":"https:\/\/api.w.org\/{rel}","templated":true}]}}