{"id":75477,"date":"2024-12-16T14:21:08","date_gmt":"2024-12-16T17:21:08","guid":{"rendered":"http:\/\/ricardolocacaodemaquinas.com.br\/?post_type=product&#038;p=75477"},"modified":"2025-01-07T15:50:39","modified_gmt":"2025-01-07T18:50:39","slug":"placa-vibratoria","status":"publish","type":"product","link":"https:\/\/ricardolocacaodemaquinas.com.br\/?product=placa-vibratoria","title":{"rendered":"Placa Vibrat\u00f3ria"},"content":{"rendered":"","protected":false},"excerpt":{"rendered":"<p>Robustas e compactas em design, as placas vibrat\u00f3rias com controle remoto oferecem o mesmo alto desempenho de compacta\u00e7\u00e3o dos modelos com bra\u00e7o. O controle remoto conveniente, com dois joysticks, permite ao operador trabalhar longe de vibra\u00e7\u00f5es, das emiss\u00f5es de escape e sonoras. Gra\u00e7as ao comando inovador que permite o movimento para a frente e o movimento de rota\u00e7\u00e3o ao mesmo tempo, \u00e9 poss\u00edvel controlar a placa vibrat\u00f3ria com efici\u00eancia de peso e precis\u00e3o, mesmo em curvas e em torno de obst\u00e1culos.<\/p>\n","protected":false},"featured_media":75730,"comment_status":"open","ping_status":"closed","template":"","meta":[],"product_cat":[20],"product_tag":[],"class_list":{"0":"post-75477","1":"product","2":"type-product","3":"status-publish","4":"has-post-thumbnail","6":"product_cat-compactacao-2","8":"first","9":"instock","10":"shipping-taxable","11":"product-type-simple"},"_links":{"self":[{"href":"https:\/\/ricardolocacaodemaquinas.com.br\/index.php?rest_route=\/wp\/v2\/product\/75477","targetHints":{"allow":["GET"]}}],"collection":[{"href":"https:\/\/ricardolocacaodemaquinas.com.br\/index.php?rest_route=\/wp\/v2\/product"}],"about":[{"href":"https:\/\/ricardolocacaodemaquinas.com.br\/index.php?rest_route=\/wp\/v2\/types\/product"}],"replies":[{"embeddable":true,"href":"https:\/\/ricardolocacaodemaquinas.com.br\/index.php?rest_route=%2Fwp%2Fv2%2Fcomments&post=75477"}],"wp:featuredmedia":[{"embeddable":true,"href":"https:\/\/ricardolocacaodemaquinas.com.br\/index.php?rest_route=\/wp\/v2\/media\/75730"}],"wp:attachment":[{"href":"https:\/\/ricardolocacaodemaquinas.com.br\/index.php?rest_route=%2Fwp%2Fv2%2Fmedia&parent=75477"}],"wp:term":[{"taxonomy":"product_cat","embeddable":true,"href":"https:\/\/ricardolocacaodemaquinas.com.br\/index.php?rest_route=%2Fwp%2Fv2%2Fproduct_cat&post=75477"},{"taxonomy":"product_tag","embeddable":true,"href":"https:\/\/ricardolocacaodemaquinas.com.br\/index.php?rest_route=%2Fwp%2Fv2%2Fproduct_tag&post=75477"}],"curies":[{"name":"wp","href":"https:\/\/api.w.org\/{rel}","templated":true}]}}