{"id":61,"date":"2015-03-02T04:38:49","date_gmt":"2015-03-01T21:38:49","guid":{"rendered":"https:\/\/structure.thememove.com\/?page_id=61"},"modified":"2024-12-20T18:09:19","modified_gmt":"2024-12-20T21:09:19","slug":"company","status":"publish","type":"page","link":"https:\/\/ricardolocacaodemaquinas.com.br\/?page_id=61","title":{"rendered":"Quem Somos"},"content":{"rendered":"<div class=\"wpb-content-wrapper\"><p>[vc_row][vc_column][vc_custom_heading text=&#8221;SOBRE N\u00d3S&#8221; font_container=&#8221;tag:h2|font_size:20|text_align:left|color:%23111111&#8243; css=&#8221;&#8221; el_class=&#8221;heading-title-3&#8243;][vc_column_text css=&#8221;&#8221;]<img loading=\"lazy\" decoding=\"async\" class=\"wp-image-75593 size-full aligncenter\" src=\"http:\/\/ricardolocacaodemaquinas.com.br\/wp-content\/uploads\/2024\/12\/m0.jpg\" alt=\"\" width=\"900\" height=\"387\" srcset=\"https:\/\/ricardolocacaodemaquinas.com.br\/wp-content\/uploads\/2024\/12\/m0.jpg 900w, https:\/\/ricardolocacaodemaquinas.com.br\/wp-content\/uploads\/2024\/12\/m0-300x129.jpg 300w, https:\/\/ricardolocacaodemaquinas.com.br\/wp-content\/uploads\/2024\/12\/m0-768x330.jpg 768w, https:\/\/ricardolocacaodemaquinas.com.br\/wp-content\/uploads\/2024\/12\/m0-600x258.jpg 600w\" sizes=\"auto, (max-width: 900px) 100vw, 900px\" \/><\/p>\n<p>[\/vc_column_text][vc_row_inner][vc_column_inner width=&#8221;1\/2&#8243;][vc_column_text css=&#8221;&#8221;]H\u00e1 4 anos no mercado, nossa empresa se destaca como refer\u00eancia em loca\u00e7\u00e3o de m\u00e1quinas em <strong>Ourinhos &#8211; SP<\/strong> e em toda a regi\u00e3o. Oferecemos solu\u00e7\u00f5es completas para obras e projetos de todos os portes, garantindo qualidade, confiabilidade e seguran\u00e7a em cada entrega.<\/p>\n<p>Nossa frota conta com m\u00e1quinas modernas e em excelente estado de conserva\u00e7\u00e3o, atendendo as necessidades de constru\u00e7\u00e3o civil, ind\u00fastrias, agroneg\u00f3cio e demais setores.[\/vc_column_text][\/vc_column_inner][vc_column_inner width=&#8221;1\/2&#8243;][vc_column_text css=&#8221;&#8221;]Aliamos tecnologia, atendimento de excel\u00eancia e pontualidade para contribuir com o sucesso dos nossos clientes.<\/p>\n<p>Com uma equipe dedicada e altamente qualificada, buscamos sempre superar as expectativas e oferecer o melhor custo-benef\u00edcio para que sua obra ou projeto aconte\u00e7a sem imprevistos.[\/vc_column_text][\/vc_column_inner][\/vc_row_inner][\/vc_column][\/vc_row][vc_row][vc_column][vc_separator border_width=&#8221;3&#8243; css_animation=&#8221;fadeIn&#8221; css=&#8221;.vc_custom_1734531304931{margin-top: 40px !important;border-bottom-width: 40px !important;}&#8221;][vc_row_inner el_class=&#8221;align-center .certifications-block&#8221;][vc_column_inner width=&#8221;1\/3&#8243;][vc_column_text css=&#8221;&#8221;]<\/p>\n<h4><img loading=\"lazy\" decoding=\"async\" class=\"alignnone size-medium wp-image-75594\" src=\"http:\/\/ricardolocacaodemaquinas.com.br\/wp-content\/uploads\/2024\/12\/m2-300x169.jpg\" alt=\"\" width=\"300\" height=\"169\" srcset=\"https:\/\/ricardolocacaodemaquinas.com.br\/wp-content\/uploads\/2024\/12\/m2-300x169.jpg 300w, https:\/\/ricardolocacaodemaquinas.com.br\/wp-content\/uploads\/2024\/12\/m2.jpg 600w\" sizes=\"auto, (max-width: 300px) 100vw, 300px\" \/><\/h4>\n<h4>MISS\u00c3O<\/h4>\n<p>Fornecer m\u00e1quinas de alta qualidade com atendimento eficiente e personalizado, contribuindo para o sucesso de obras e projetos em toda a regi\u00e3o de Ourinhos.[\/vc_column_text][\/vc_column_inner][vc_column_inner width=&#8221;1\/3&#8243;][vc_column_text css=&#8221;&#8221;]<\/p>\n<h4><img loading=\"lazy\" decoding=\"async\" class=\"alignnone size-medium wp-image-75592\" src=\"http:\/\/ricardolocacaodemaquinas.com.br\/wp-content\/uploads\/2024\/12\/m3-300x169.jpg\" alt=\"\" width=\"300\" height=\"169\" srcset=\"https:\/\/ricardolocacaodemaquinas.com.br\/wp-content\/uploads\/2024\/12\/m3-300x169.jpg 300w, https:\/\/ricardolocacaodemaquinas.com.br\/wp-content\/uploads\/2024\/12\/m3.jpg 600w\" sizes=\"auto, (max-width: 300px) 100vw, 300px\" \/><\/h4>\n<h4>VIS\u00c3O<\/h4>\n<p>Ser a empresa l\u00edder em loca\u00e7\u00e3o de m\u00e1quinas no interior paulista, reconhecida pela confian\u00e7a, inova\u00e7\u00e3o e compromisso com os clientes.[\/vc_column_text][\/vc_column_inner][vc_column_inner width=&#8221;1\/3&#8243;][vc_column_text css=&#8221;&#8221;]<\/p>\n<h4><img loading=\"lazy\" decoding=\"async\" class=\"alignnone size-medium wp-image-75591\" src=\"http:\/\/ricardolocacaodemaquinas.com.br\/wp-content\/uploads\/2024\/12\/m1-300x169.jpg\" alt=\"\" width=\"300\" height=\"169\" srcset=\"https:\/\/ricardolocacaodemaquinas.com.br\/wp-content\/uploads\/2024\/12\/m1-300x169.jpg 300w, https:\/\/ricardolocacaodemaquinas.com.br\/wp-content\/uploads\/2024\/12\/m1.jpg 600w\" sizes=\"auto, (max-width: 300px) 100vw, 300px\" \/><\/h4>\n<h4>VALORES<\/h4>\n<ul>\n<li><strong>Compromisso com o cliente<\/strong>: Foco total na entrega de solu\u00e7\u00f5es que atendam \u00e0s suas necessidades.<\/li>\n<li><strong>Qualidade e seguran\u00e7a<\/strong>: M\u00e1quinas sempre revisadas e seguras para qualquer desafio.<\/li>\n<li><strong>Integridade<\/strong>: \u00c9tica e transpar\u00eancia em todas as nossas rela\u00e7\u00f5es.<\/li>\n<li><strong>Inova\u00e7\u00e3o e melhoria cont\u00ednua<\/strong>: Buscamos sempre as melhores pr\u00e1ticas do mercado.<\/li>\n<li><strong>Responsabilidade<\/strong>: Respeito ao meio ambiente e \u00e0 comunidade onde atuamos.<\/li>\n<\/ul>\n<p>[\/vc_column_text][\/vc_column_inner][\/vc_row_inner][\/vc_column][\/vc_row][vc_row css=&#8221;.vc_custom_1433564201242{margin-top: 20px !important;margin-bottom: 70px !important;}&#8221;][vc_column width=&#8221;3\/4&#8243;][\/vc_column][\/vc_row][vc_row el_class=&#8221;intro4 align-center min-box&#8221; full_width=&#8221;stretch_row_content&#8221; css=&#8221;.vc_custom_1433564144185{margin-bottom: 0px !important;background-color: #fdc502 !important;}&#8221;][vc_column width=&#8221;2\/3&#8243;][vc_custom_heading text=&#8221;Entre em contato e pe\u00e7a o seu or\u00e7amento!&#8221; font_container=&#8221;tag:h3|font_size:22|text_align:center|color:%23ffffff&#8221; css=&#8221;&#8221;][\/vc_column][vc_column width=&#8221;1\/3&#8243;][vc_btn title=&#8221;Chamar pelo Whatsapp&#8221; style=&#8221;outline&#8221; shape=&#8221;square&#8221; color=&#8221;white&#8221; css=&#8221;&#8221; link=&#8221;url:https%3A%2F%2Fapi.whatsapp.com%2Fsend%3Fphone%3D5514996967979%26text%3DOl%C3%A1!%2520Algu%C3%A9m%2520poderia%2520me%2520ajudar%3F&#8221;][\/vc_column][\/vc_row]<\/p>\n<\/div>","protected":false},"excerpt":{"rendered":"<p>[vc_row][vc_column][vc_custom_heading text=&#8221;SOBRE N\u00d3S&#8221; font_container=&#8221;tag:h2|font_size:20|text_align:left|color:%23111111&#8243; css=&#8221;&#8221; el_class=&#8221;heading-title-3&#8243;][vc_column_text css=&#8221;&#8221;] [\/vc_column_text][vc_row_inner][vc_column_inner width=&#8221;1\/2&#8243;][vc_column_text css=&#8221;&#8221;]H\u00e1 4 anos no mercado, nossa empresa se destaca como refer\u00eancia em loca\u00e7\u00e3o de m\u00e1quinas em Ourinhos &#8211; SP e em toda a regi\u00e3o. Oferecemos solu\u00e7\u00f5es completas para obras e projetos de todos os portes, garantindo qualidade, confiabilidade e seguran\u00e7a em cada entrega. Nossa frota conta [&hellip;]<\/p>\n","protected":false},"author":1,"featured_media":0,"parent":0,"menu_order":0,"comment_status":"closed","ping_status":"closed","template":"","meta":{"footnotes":""},"class_list":["post-61","page","type-page","status-publish","hentry"],"_links":{"self":[{"href":"https:\/\/ricardolocacaodemaquinas.com.br\/index.php?rest_route=\/wp\/v2\/pages\/61","targetHints":{"allow":["GET"]}}],"collection":[{"href":"https:\/\/ricardolocacaodemaquinas.com.br\/index.php?rest_route=\/wp\/v2\/pages"}],"about":[{"href":"https:\/\/ricardolocacaodemaquinas.com.br\/index.php?rest_route=\/wp\/v2\/types\/page"}],"author":[{"embeddable":true,"href":"https:\/\/ricardolocacaodemaquinas.com.br\/index.php?rest_route=\/wp\/v2\/users\/1"}],"replies":[{"embeddable":true,"href":"https:\/\/ricardolocacaodemaquinas.com.br\/index.php?rest_route=%2Fwp%2Fv2%2Fcomments&post=61"}],"version-history":[{"count":17,"href":"https:\/\/ricardolocacaodemaquinas.com.br\/index.php?rest_route=\/wp\/v2\/pages\/61\/revisions"}],"predecessor-version":[{"id":75814,"href":"https:\/\/ricardolocacaodemaquinas.com.br\/index.php?rest_route=\/wp\/v2\/pages\/61\/revisions\/75814"}],"wp:attachment":[{"href":"https:\/\/ricardolocacaodemaquinas.com.br\/index.php?rest_route=%2Fwp%2Fv2%2Fmedia&parent=61"}],"curies":[{"name":"wp","href":"https:\/\/api.w.org\/{rel}","templated":true}]}}